{"id":4951,"date":"2023-01-12T18:34:57","date_gmt":"2023-01-12T15:34:57","guid":{"rendered":"https:\/\/mgtre.fi\/product\/jalkalista-qs011\/"},"modified":"2023-01-12T18:35:07","modified_gmt":"2023-01-12T15:35:07","slug":"jalkalista-qs011","status":"publish","type":"product","link":"https:\/\/mgtre.fi\/en\/product\/jalkalista-qs011\/","title":{"rendered":"JALKALISTA QS011"},"content":{"rendered":"","protected":false},"excerpt":{"rendered":"<p>Ainutlaatuinen jalkalista PAPER-kokoelmasta. Se voi olla t\u00e4ydellinen viimeistely moderniin, tyylikk\u00e4\u00e4seen tilaan. Tuote valmistettu Puolassa k\u00e4ytt\u00e4en kest\u00e4v\u00e4\u00e4 PolyForce- materiaalia, joka tarjoaa iskun- ja vedenkest\u00e4vyyden.&nbsp;Jalkalistan avulla voidaan piilottaa kaapelit ja johdot \u2013 sill\u00e4 sen takana on tilaa.<\/p>","protected":false},"featured_media":4952,"comment_status":"closed","ping_status":"open","template":"","meta":{"om_disable_all_campaigns":false,"_monsterinsights_skip_tracking":false,"_monsterinsights_sitenote_active":false,"_monsterinsights_sitenote_note":"","_monsterinsights_sitenote_category":0},"etheme_brands":[],"product_brand":[],"product_cat":[45],"product_tag":[],"class_list":{"0":"post-4951","1":"product","2":"type-product","3":"status-publish","4":"has-post-thumbnail","6":"product_cat-jalkalistat","8":"first","9":"outofstock","10":"product-type-simple"},"aioseo_notices":[],"_links":{"self":[{"href":"https:\/\/mgtre.fi\/en\/wp-json\/wp\/v2\/product\/4951","targetHints":{"allow":["GET"]}}],"collection":[{"href":"https:\/\/mgtre.fi\/en\/wp-json\/wp\/v2\/product"}],"about":[{"href":"https:\/\/mgtre.fi\/en\/wp-json\/wp\/v2\/types\/product"}],"replies":[{"embeddable":true,"href":"https:\/\/mgtre.fi\/en\/wp-json\/wp\/v2\/comments?post=4951"}],"wp:featuredmedia":[{"embeddable":true,"href":"https:\/\/mgtre.fi\/en\/wp-json\/wp\/v2\/media\/4952"}],"wp:attachment":[{"href":"https:\/\/mgtre.fi\/en\/wp-json\/wp\/v2\/media?parent=4951"}],"wp:term":[{"taxonomy":"brand","embeddable":true,"href":"https:\/\/mgtre.fi\/en\/wp-json\/wp\/v2\/etheme_brands?post=4951"},{"taxonomy":"product_brand","embeddable":true,"href":"https:\/\/mgtre.fi\/en\/wp-json\/wp\/v2\/product_brand?post=4951"},{"taxonomy":"product_cat","embeddable":true,"href":"https:\/\/mgtre.fi\/en\/wp-json\/wp\/v2\/product_cat?post=4951"},{"taxonomy":"product_tag","embeddable":true,"href":"https:\/\/mgtre.fi\/en\/wp-json\/wp\/v2\/product_tag?post=4951"}],"curies":[{"name":"wp","href":"https:\/\/api.w.org\/{rel}","templated":true}]}}