{"id":4771,"date":"2023-01-12T18:28:00","date_gmt":"2023-01-12T15:28:00","guid":{"rendered":"https:\/\/mgtre.fi\/product\/verholauta-ql046\/"},"modified":"2023-05-07T14:23:00","modified_gmt":"2023-05-07T11:23:00","slug":"verholauta-ql046","status":"publish","type":"product","link":"https:\/\/mgtre.fi\/en\/product\/verholauta-ql046\/","title":{"rendered":"VERHOLAUTA QL046"},"content":{"rendered":"","protected":false},"excerpt":{"rendered":"<p><strong>Verho profiili k\u00e4ytet\u00e4\u00e4n verhotankojen peitt\u00e4miseen.<\/p>\n<p><\/strong><\/p>\n<p>Tuotetta voidaan k\u00e4ytt\u00e4\u00e4 erityyppisten verhojen ripustusj\u00e4rjestelmien kanssa.<\/p>\n<p>Mardom Decor verhoprofiililla \u00a0on erityinen tila LED-valon kiinnitt\u00e4miseen. T\u00e4m\u00e4n ansiosta reunat voidaan valaista.<\/p>\n<p>Lista pohjustetaan valkoisella pohjamaalilla, mik\u00e4 helpottaa seuraavien maalikerrosten imeytymist\u00e4. Suosittelemme maalaamaan reunat mill\u00e4 tahansa vesiohenteisella maalilla (akryyli, lateksi, vinyyli).<\/p>\n<p>K\u00e4ytett\u00e4ess\u00e4 LED-valaistuksella varustettua verhoa\u00a0 suosittelemme liimaamaan listan sis\u00e4puolelta alumiiniteipill\u00e4 t\u00e4ydellisen valon hajoamisen aikaansaamiseksi.<\/p>","protected":false},"featured_media":3536,"comment_status":"closed","ping_status":"closed","template":"","meta":{"om_disable_all_campaigns":false,"_monsterinsights_skip_tracking":false,"_monsterinsights_sitenote_active":false,"_monsterinsights_sitenote_note":"","_monsterinsights_sitenote_category":0},"etheme_brands":[],"product_brand":[],"product_cat":[47],"product_tag":[],"class_list":{"0":"post-4771","1":"product","2":"type-product","3":"status-publish","4":"has-post-thumbnail","6":"product_cat-verholaudat","8":"first","9":"outofstock","10":"product-type-simple"},"aioseo_notices":[],"_links":{"self":[{"href":"https:\/\/mgtre.fi\/en\/wp-json\/wp\/v2\/product\/4771","targetHints":{"allow":["GET"]}}],"collection":[{"href":"https:\/\/mgtre.fi\/en\/wp-json\/wp\/v2\/product"}],"about":[{"href":"https:\/\/mgtre.fi\/en\/wp-json\/wp\/v2\/types\/product"}],"replies":[{"embeddable":true,"href":"https:\/\/mgtre.fi\/en\/wp-json\/wp\/v2\/comments?post=4771"}],"wp:featuredmedia":[{"embeddable":true,"href":"https:\/\/mgtre.fi\/en\/wp-json\/wp\/v2\/media\/3536"}],"wp:attachment":[{"href":"https:\/\/mgtre.fi\/en\/wp-json\/wp\/v2\/media?parent=4771"}],"wp:term":[{"taxonomy":"brand","embeddable":true,"href":"https:\/\/mgtre.fi\/en\/wp-json\/wp\/v2\/etheme_brands?post=4771"},{"taxonomy":"product_brand","embeddable":true,"href":"https:\/\/mgtre.fi\/en\/wp-json\/wp\/v2\/product_brand?post=4771"},{"taxonomy":"product_cat","embeddable":true,"href":"https:\/\/mgtre.fi\/en\/wp-json\/wp\/v2\/product_cat?post=4771"},{"taxonomy":"product_tag","embeddable":true,"href":"https:\/\/mgtre.fi\/en\/wp-json\/wp\/v2\/product_tag?post=4771"}],"curies":[{"name":"wp","href":"https:\/\/api.w.org\/{rel}","templated":true}]}}