{"id":4635,"date":"2023-01-12T18:24:58","date_gmt":"2023-01-12T15:24:58","guid":{"rendered":"https:\/\/mgtre.fi\/product\/jalkalista-md235\/"},"modified":"2023-01-12T18:25:09","modified_gmt":"2023-01-12T15:25:09","slug":"jalkalista-md235","status":"publish","type":"product","link":"https:\/\/mgtre.fi\/en\/product\/jalkalista-md235\/","title":{"rendered":"JALKALISTA MD235"},"content":{"rendered":"","protected":false},"excerpt":{"rendered":"<p><span style=\"font-size: 14px;\">Tyylik\u00e4s kodin sisustuselementti lattian ja seinien v\u00e4liin. Sopii jokaiseen sisustukseen. Lista on valmistettu kest\u00e4v\u00e4st\u00e4 PolyForcesta ja etuk\u00e4teen pohjustettu pohjamaalilla. Jalusta ei kerrostu, vaikka se altistuisi kosteudelle. Tuote on valmistettu Puolassa.<\/span><\/p>","protected":false},"featured_media":4636,"comment_status":"closed","ping_status":"open","template":"","meta":{"om_disable_all_campaigns":false,"_monsterinsights_skip_tracking":false,"_monsterinsights_sitenote_active":false,"_monsterinsights_sitenote_note":"","_monsterinsights_sitenote_category":0},"etheme_brands":[],"product_brand":[],"product_cat":[45],"product_tag":[],"class_list":{"0":"post-4635","1":"product","2":"type-product","3":"status-publish","4":"has-post-thumbnail","6":"product_cat-jalkalistat","8":"first","9":"outofstock","10":"product-type-simple"},"aioseo_notices":[],"_links":{"self":[{"href":"https:\/\/mgtre.fi\/en\/wp-json\/wp\/v2\/product\/4635","targetHints":{"allow":["GET"]}}],"collection":[{"href":"https:\/\/mgtre.fi\/en\/wp-json\/wp\/v2\/product"}],"about":[{"href":"https:\/\/mgtre.fi\/en\/wp-json\/wp\/v2\/types\/product"}],"replies":[{"embeddable":true,"href":"https:\/\/mgtre.fi\/en\/wp-json\/wp\/v2\/comments?post=4635"}],"wp:featuredmedia":[{"embeddable":true,"href":"https:\/\/mgtre.fi\/en\/wp-json\/wp\/v2\/media\/4636"}],"wp:attachment":[{"href":"https:\/\/mgtre.fi\/en\/wp-json\/wp\/v2\/media?parent=4635"}],"wp:term":[{"taxonomy":"brand","embeddable":true,"href":"https:\/\/mgtre.fi\/en\/wp-json\/wp\/v2\/etheme_brands?post=4635"},{"taxonomy":"product_brand","embeddable":true,"href":"https:\/\/mgtre.fi\/en\/wp-json\/wp\/v2\/product_brand?post=4635"},{"taxonomy":"product_cat","embeddable":true,"href":"https:\/\/mgtre.fi\/en\/wp-json\/wp\/v2\/product_cat?post=4635"},{"taxonomy":"product_tag","embeddable":true,"href":"https:\/\/mgtre.fi\/en\/wp-json\/wp\/v2\/product_tag?post=4635"}],"curies":[{"name":"wp","href":"https:\/\/api.w.org\/{rel}","templated":true}]}}