{"id":4633,"date":"2023-01-12T18:24:58","date_gmt":"2023-01-12T15:24:58","guid":{"rendered":"https:\/\/mgtre.fi\/product\/fix-pro-liima\/"},"modified":"2023-01-12T18:25:08","modified_gmt":"2023-01-12T15:25:08","slug":"fix-pro-liima","status":"publish","type":"product","link":"https:\/\/mgtre.fi\/en\/product\/fix-pro-liima\/","title":{"rendered":"FIX PRO LIIMA"},"content":{"rendered":"","protected":false},"excerpt":{"rendered":"<p>Vesiohenteinen asennusliima sis\u00e4k\u00e4ytt\u00f6\u00f6n huokoisille pinnoille. Liima antaa pitk\u00e4kestoisen tiivistyksen listan ja pinnan (sein\u00e4 ja katto) v\u00e4lille.<\/p>\n<p>Soveltuu PolyForcesta ja ProFoamista valmistettujen listojen kiinnitykseen, sek\u00e4 PolyForcesta valmistettujen listojen liitt\u00e4miseen.<\/p>\n<p>Yksi paketti riitt\u00e4\u00e4 noin 8 metrin liuskojen asennukseen. Valkoinen v\u00e4ri.<\/p>\n<p>Kapasiteetti: 300 ml.<\/p>","protected":false},"featured_media":4634,"comment_status":"closed","ping_status":"open","template":"","meta":{"om_disable_all_campaigns":false,"_monsterinsights_skip_tracking":false,"_monsterinsights_sitenote_active":false,"_monsterinsights_sitenote_note":"","_monsterinsights_sitenote_category":0},"etheme_brands":[],"product_brand":[],"product_cat":[52],"product_tag":[],"class_list":{"0":"post-4633","1":"product","2":"type-product","3":"status-publish","4":"has-post-thumbnail","6":"product_cat-lisatarvikkeet","8":"first","9":"outofstock","10":"product-type-simple"},"aioseo_notices":[],"_links":{"self":[{"href":"https:\/\/mgtre.fi\/en\/wp-json\/wp\/v2\/product\/4633","targetHints":{"allow":["GET"]}}],"collection":[{"href":"https:\/\/mgtre.fi\/en\/wp-json\/wp\/v2\/product"}],"about":[{"href":"https:\/\/mgtre.fi\/en\/wp-json\/wp\/v2\/types\/product"}],"replies":[{"embeddable":true,"href":"https:\/\/mgtre.fi\/en\/wp-json\/wp\/v2\/comments?post=4633"}],"wp:featuredmedia":[{"embeddable":true,"href":"https:\/\/mgtre.fi\/en\/wp-json\/wp\/v2\/media\/4634"}],"wp:attachment":[{"href":"https:\/\/mgtre.fi\/en\/wp-json\/wp\/v2\/media?parent=4633"}],"wp:term":[{"taxonomy":"brand","embeddable":true,"href":"https:\/\/mgtre.fi\/en\/wp-json\/wp\/v2\/etheme_brands?post=4633"},{"taxonomy":"product_brand","embeddable":true,"href":"https:\/\/mgtre.fi\/en\/wp-json\/wp\/v2\/product_brand?post=4633"},{"taxonomy":"product_cat","embeddable":true,"href":"https:\/\/mgtre.fi\/en\/wp-json\/wp\/v2\/product_cat?post=4633"},{"taxonomy":"product_tag","embeddable":true,"href":"https:\/\/mgtre.fi\/en\/wp-json\/wp\/v2\/product_tag?post=4633"}],"curies":[{"name":"wp","href":"https:\/\/api.w.org\/{rel}","templated":true}]}}