{"id":4600,"date":"2023-01-12T18:21:39","date_gmt":"2023-01-12T15:21:39","guid":{"rendered":"https:\/\/mgtre.fi\/product\/mdb163\/"},"modified":"2023-01-12T18:24:15","modified_gmt":"2023-01-12T15:24:15","slug":"mdb163","status":"publish","type":"product","link":"https:\/\/mgtre.fi\/en\/product\/mdb163\/","title":{"rendered":"MDB163"},"content":{"rendered":"","protected":false},"excerpt":{"rendered":"<p>Kattolista&nbsp;MDB163 on valmistettu kevyest\u00e4, iskun- ja vedenkest\u00e4v\u00e4st\u00e4 ProFoam-materiaalista. Sen alkuper\u00e4inen muoto mahdollistaa kolmiulotteisen effektin luomisen l\u00e4helle kattoa, mik\u00e4 koristaa sisustuksen minimalistisella tavalla. &nbsp;Listan&nbsp;asennus on helppo, nopea ja siisti. Elementtien kuntto s\u00e4ilyy hyv\u00e4n\u00e4 useimpien vuosien ajan.<\/p>","protected":false},"featured_media":4601,"comment_status":"closed","ping_status":"open","template":"","meta":{"om_disable_all_campaigns":false,"_monsterinsights_skip_tracking":false,"_monsterinsights_sitenote_active":false,"_monsterinsights_sitenote_note":"","_monsterinsights_sitenote_category":0},"etheme_brands":[],"product_brand":[],"product_cat":[49],"product_tag":[],"class_list":{"0":"post-4600","1":"product","2":"type-product","3":"status-publish","4":"has-post-thumbnail","6":"product_cat-kattolistat","8":"first","9":"outofstock","10":"product-type-simple"},"aioseo_notices":[],"_links":{"self":[{"href":"https:\/\/mgtre.fi\/en\/wp-json\/wp\/v2\/product\/4600","targetHints":{"allow":["GET"]}}],"collection":[{"href":"https:\/\/mgtre.fi\/en\/wp-json\/wp\/v2\/product"}],"about":[{"href":"https:\/\/mgtre.fi\/en\/wp-json\/wp\/v2\/types\/product"}],"replies":[{"embeddable":true,"href":"https:\/\/mgtre.fi\/en\/wp-json\/wp\/v2\/comments?post=4600"}],"wp:featuredmedia":[{"embeddable":true,"href":"https:\/\/mgtre.fi\/en\/wp-json\/wp\/v2\/media\/4601"}],"wp:attachment":[{"href":"https:\/\/mgtre.fi\/en\/wp-json\/wp\/v2\/media?parent=4600"}],"wp:term":[{"taxonomy":"brand","embeddable":true,"href":"https:\/\/mgtre.fi\/en\/wp-json\/wp\/v2\/etheme_brands?post=4600"},{"taxonomy":"product_brand","embeddable":true,"href":"https:\/\/mgtre.fi\/en\/wp-json\/wp\/v2\/product_brand?post=4600"},{"taxonomy":"product_cat","embeddable":true,"href":"https:\/\/mgtre.fi\/en\/wp-json\/wp\/v2\/product_cat?post=4600"},{"taxonomy":"product_tag","embeddable":true,"href":"https:\/\/mgtre.fi\/en\/wp-json\/wp\/v2\/product_tag?post=4600"}],"curies":[{"name":"wp","href":"https:\/\/api.w.org\/{rel}","templated":true}]}}