{"id":4530,"date":"2023-01-12T18:18:48","date_gmt":"2023-01-12T15:18:48","guid":{"rendered":"https:\/\/mgtre.fi\/product\/ql019-2\/"},"modified":"2023-06-30T13:47:06","modified_gmt":"2023-06-30T10:47:06","slug":"ql019-2","status":"publish","type":"product","link":"https:\/\/mgtre.fi\/en\/product\/ql019-2\/","title":{"rendered":"QL019"},"content":{"rendered":"<p>QL019-kattolista on yksinkertainen profiili, joka edist\u00e4\u00e4 mit\u00e4 tahansa sisustusta. Se on valmistettu vedenkest\u00e4v\u00e4st\u00e4 PolyForce-materiaalista. Sille on ominaista korkea UV-s\u00e4teilyn ja mekaanisten vaurioiden suoja. ScratchShield\u00ae-teknologia vaikuttaa materiaalin maksimaaliseen kovettumiseen, jolloin se kest\u00e4\u00e4 naarmuja. T\u00e4m\u00e4n ansiosta sit\u00e4 voidaan helposti k\u00e4ytt\u00e4\u00e4 kotitalouksien keitti\u00f6iden, kylpyhuoneiden tai julkisten tilojen koristeluun. QL019 toimii hyvin my\u00f6s valaistuselementtin\u00e4. Tuotannossa k\u00e4ytetty LightGuard\u00ae-teknologia vaikuttaa materiaaliin positiivisesti. LED-nauha ei l\u00e4p\u00e4ise pistem\u00e4isesti nauhaa, jolloin valo levi\u00e4\u00e4 esteettisesti ymp\u00e4ri huonetta. Kattolista on maalattu pohjamaalilla, mik\u00e4 helpottaa pinnan maalaamista ja takaa pitk\u00e4aikaisen vaikutuksen. Suosittelemme valitsemaan t\u00e4h\u00e4n tarkoitukseen vesiohenteisen maalin.<\/p>\n<p>Tuote on valmistettu Puolassa.<\/p>","protected":false},"excerpt":{"rendered":"<p>200 x 8 x 2.5 [cm]<\/p>\n<p>Kattolista QL019 on moderni muotoiluelementti, jonka muoto on yksinkertainen. Profiili on valmistettu PolyForce-materiaalista, jolle on ominaista korkea kest\u00e4vyys vaurioita, UV-s\u00e4teily\u00e4 ja kosteutta vastaan. Tuotantoprosessissa on lis\u00e4tty ScratchShield\u00ae- ja LightGuard\u00ae-teknologia.<\/p>","protected":false},"featured_media":4531,"comment_status":"closed","ping_status":"closed","template":"","meta":{"om_disable_all_campaigns":false,"_monsterinsights_skip_tracking":false,"_monsterinsights_sitenote_active":false,"_monsterinsights_sitenote_note":"","_monsterinsights_sitenote_category":0},"etheme_brands":[],"product_brand":[],"product_cat":[49],"product_tag":[],"class_list":{"0":"post-4530","1":"product","2":"type-product","3":"status-publish","4":"has-post-thumbnail","6":"product_cat-kattolistat","8":"first","9":"outofstock","10":"product-type-simple"},"aioseo_notices":[],"_links":{"self":[{"href":"https:\/\/mgtre.fi\/en\/wp-json\/wp\/v2\/product\/4530","targetHints":{"allow":["GET"]}}],"collection":[{"href":"https:\/\/mgtre.fi\/en\/wp-json\/wp\/v2\/product"}],"about":[{"href":"https:\/\/mgtre.fi\/en\/wp-json\/wp\/v2\/types\/product"}],"replies":[{"embeddable":true,"href":"https:\/\/mgtre.fi\/en\/wp-json\/wp\/v2\/comments?post=4530"}],"wp:featuredmedia":[{"embeddable":true,"href":"https:\/\/mgtre.fi\/en\/wp-json\/wp\/v2\/media\/4531"}],"wp:attachment":[{"href":"https:\/\/mgtre.fi\/en\/wp-json\/wp\/v2\/media?parent=4530"}],"wp:term":[{"taxonomy":"brand","embeddable":true,"href":"https:\/\/mgtre.fi\/en\/wp-json\/wp\/v2\/etheme_brands?post=4530"},{"taxonomy":"product_brand","embeddable":true,"href":"https:\/\/mgtre.fi\/en\/wp-json\/wp\/v2\/product_brand?post=4530"},{"taxonomy":"product_cat","embeddable":true,"href":"https:\/\/mgtre.fi\/en\/wp-json\/wp\/v2\/product_cat?post=4530"},{"taxonomy":"product_tag","embeddable":true,"href":"https:\/\/mgtre.fi\/en\/wp-json\/wp\/v2\/product_tag?post=4530"}],"curies":[{"name":"wp","href":"https:\/\/api.w.org\/{rel}","templated":true}]}}