{"id":4509,"date":"2023-01-12T18:18:48","date_gmt":"2023-01-12T15:18:48","guid":{"rendered":"https:\/\/mgtre.fi\/product\/tumma-tammi-paneeli-l0104\/"},"modified":"2023-01-12T18:19:09","modified_gmt":"2023-01-12T15:19:09","slug":"tumma-tammi-paneeli-l0104","status":"publish","type":"product","link":"https:\/\/mgtre.fi\/en\/product\/tumma-tammi-paneeli-l0104\/","title":{"rendered":"TUMMA TAMMI PANEELI  L0104"},"content":{"rendered":"","protected":false},"excerpt":{"rendered":"<p>Syv\u00e4nruskea sein\u00e4paneeli, josta tulee ainutlaatuinen elementti, joka antaa sein\u00e4lle tilavamman vaikutelman. Paneeli on valmistettu vedenkest\u00e4v\u00e4st\u00e4 PolyForce-materiaalista, joten sit\u00e4 voidaan k\u00e4ytt\u00e4\u00e4  kosteudelle altistuvissa tiloissa, kuten keitti\u00f6ss\u00e4 tai kylpyhuoneessa. Lamelli on valmistettu ScratchShield-teknologialla, joka vahvistaa materiaalin pintaa ja varmistaa n\u00e4in erinomaisen kest\u00e4vyyden. 270 cm:n pituus varmistaa esteettisen ja helpon asennuksen yhten\u00e4 kappaleena, mink\u00e4 ansiosta sein\u00e4paneelien yksitt\u00e4isten elementtien v\u00e4lill\u00e4 ei ole rumia liitoksia.<\/p>\n<p>Helppo, nopea ja siisti asennus k\u00e4ytt\u00e4m\u00e4ll\u00e4&nbsp;<a href=\"..\/..\/..\/accessories\/fix-pro-liimaa\" target=\"_blank\" rel=\"noopener\">Mardom FixPro<\/a> or <a href=\"..\/..\/..\/accessories\/mardom-max-adhesive\" target=\"_blank\" rel=\"noopener\">Mardom Max adhesive<\/a>.<\/p>\n<p>Mahdollista viimeistell\u00e4 paneelit erillisill\u00e4 p\u00e4ill\u00e4-&nbsp;<a href=\"..\/..\/..\/lamelli\/left-profile-of-dark-oak-panel-l0104l\" target=\"_blank\" rel=\"noopener\">left<\/a> and <a href=\"..\/..\/..\/lamelli\/right-profile-of-dark-oak-panel-l0104r\" target=\"_blank\" rel=\"noopener\">right<\/a>.<\/p>\n<p>Tuote on valmistettu Puolassa.<\/p>\n<p>Pituus: 270 cm<br \/> Leveys: 12 cm<br \/> Syvyys: 1.2 cm<\/p>","protected":false},"featured_media":4510,"comment_status":"closed","ping_status":"open","template":"","meta":{"om_disable_all_campaigns":false,"_monsterinsights_skip_tracking":false,"_monsterinsights_sitenote_active":false,"_monsterinsights_sitenote_note":"","_monsterinsights_sitenote_category":0},"etheme_brands":[],"product_brand":[],"product_cat":[30],"product_tag":[],"class_list":{"0":"post-4509","1":"product","2":"type-product","3":"status-publish","4":"has-post-thumbnail","6":"product_cat-lamelli","8":"first","9":"outofstock","10":"product-type-simple"},"aioseo_notices":[],"_links":{"self":[{"href":"https:\/\/mgtre.fi\/en\/wp-json\/wp\/v2\/product\/4509","targetHints":{"allow":["GET"]}}],"collection":[{"href":"https:\/\/mgtre.fi\/en\/wp-json\/wp\/v2\/product"}],"about":[{"href":"https:\/\/mgtre.fi\/en\/wp-json\/wp\/v2\/types\/product"}],"replies":[{"embeddable":true,"href":"https:\/\/mgtre.fi\/en\/wp-json\/wp\/v2\/comments?post=4509"}],"wp:featuredmedia":[{"embeddable":true,"href":"https:\/\/mgtre.fi\/en\/wp-json\/wp\/v2\/media\/4510"}],"wp:attachment":[{"href":"https:\/\/mgtre.fi\/en\/wp-json\/wp\/v2\/media?parent=4509"}],"wp:term":[{"taxonomy":"brand","embeddable":true,"href":"https:\/\/mgtre.fi\/en\/wp-json\/wp\/v2\/etheme_brands?post=4509"},{"taxonomy":"product_brand","embeddable":true,"href":"https:\/\/mgtre.fi\/en\/wp-json\/wp\/v2\/product_brand?post=4509"},{"taxonomy":"product_cat","embeddable":true,"href":"https:\/\/mgtre.fi\/en\/wp-json\/wp\/v2\/product_cat?post=4509"},{"taxonomy":"product_tag","embeddable":true,"href":"https:\/\/mgtre.fi\/en\/wp-json\/wp\/v2\/product_tag?post=4509"}],"curies":[{"name":"wp","href":"https:\/\/api.w.org\/{rel}","templated":true}]}}