{"id":4506,"date":"2023-01-12T18:18:48","date_gmt":"2023-01-12T15:18:48","guid":{"rendered":"https:\/\/mgtre.fi\/product\/md213-2\/"},"modified":"2023-01-12T18:19:04","modified_gmt":"2023-01-12T15:19:04","slug":"md213-2","status":"publish","type":"product","link":"https:\/\/mgtre.fi\/en\/product\/md213-2\/","title":{"rendered":"MD213"},"content":{"rendered":"","protected":false},"excerpt":{"rendered":"<p>MD213 on monik\u00e4ytt\u00f6inen reunalista, josta tulee korvaamaton sisustuselementti. Yksinkertainen muoto ja pieni jyrsint\u00e4 p\u00e4iss\u00e4 tekev\u00e4t MD213:sta yleismaailmallisen koristeen, joka t\u00e4ydent\u00e4\u00e4 mit\u00e4 tahansa asuntoa tyylist\u00e4 riippumatta. Reunalista on luotu korkealaatuisesta PolyForce-materiaalista, joka varmistaa  korkean kest\u00e4vyyden ja vedenkest\u00e4vyyden.<\/p>","protected":false},"featured_media":4507,"comment_status":"closed","ping_status":"open","template":"","meta":{"om_disable_all_campaigns":false,"_monsterinsights_skip_tracking":false,"_monsterinsights_sitenote_active":false,"_monsterinsights_sitenote_note":"","_monsterinsights_sitenote_category":0},"etheme_brands":[],"product_brand":[],"product_cat":[49],"product_tag":[],"class_list":{"0":"post-4506","1":"product","2":"type-product","3":"status-publish","4":"has-post-thumbnail","6":"product_cat-kattolistat","8":"first","9":"outofstock","10":"product-type-simple"},"aioseo_notices":[],"_links":{"self":[{"href":"https:\/\/mgtre.fi\/en\/wp-json\/wp\/v2\/product\/4506","targetHints":{"allow":["GET"]}}],"collection":[{"href":"https:\/\/mgtre.fi\/en\/wp-json\/wp\/v2\/product"}],"about":[{"href":"https:\/\/mgtre.fi\/en\/wp-json\/wp\/v2\/types\/product"}],"replies":[{"embeddable":true,"href":"https:\/\/mgtre.fi\/en\/wp-json\/wp\/v2\/comments?post=4506"}],"wp:featuredmedia":[{"embeddable":true,"href":"https:\/\/mgtre.fi\/en\/wp-json\/wp\/v2\/media\/4507"}],"wp:attachment":[{"href":"https:\/\/mgtre.fi\/en\/wp-json\/wp\/v2\/media?parent=4506"}],"wp:term":[{"taxonomy":"brand","embeddable":true,"href":"https:\/\/mgtre.fi\/en\/wp-json\/wp\/v2\/etheme_brands?post=4506"},{"taxonomy":"product_brand","embeddable":true,"href":"https:\/\/mgtre.fi\/en\/wp-json\/wp\/v2\/product_brand?post=4506"},{"taxonomy":"product_cat","embeddable":true,"href":"https:\/\/mgtre.fi\/en\/wp-json\/wp\/v2\/product_cat?post=4506"},{"taxonomy":"product_tag","embeddable":true,"href":"https:\/\/mgtre.fi\/en\/wp-json\/wp\/v2\/product_tag?post=4506"}],"curies":[{"name":"wp","href":"https:\/\/api.w.org\/{rel}","templated":true}]}}