{"id":4501,"date":"2023-01-12T18:18:48","date_gmt":"2023-01-12T15:18:48","guid":{"rendered":"https:\/\/mgtre.fi\/product\/jalkalista-ql007\/"},"modified":"2023-01-12T18:18:55","modified_gmt":"2023-01-12T15:18:55","slug":"jalkalista-ql007","status":"publish","type":"product","link":"https:\/\/mgtre.fi\/en\/product\/jalkalista-ql007\/","title":{"rendered":"JALKALISTA  QL007"},"content":{"rendered":"","protected":false},"excerpt":{"rendered":"<p>Erikoismuotoinen jalkalista, joka mahdollistaa LED-valaistuksen k\u00e4yt\u00f6n.&nbsp;Tuote valmistettu Puolassa k\u00e4ytt\u00e4en kest\u00e4v\u00e4\u00e4 PolyForce- materiaalia, joka tarjoaa iskun- ja vedenkest\u00e4vyyden.<\/p>\n<p><strong>ScratchShield\u00ae &#8211; teknologia tekee tuotteesta hyvin iskunkest\u00e4v\u00e4n.<\/strong><\/p>","protected":false},"featured_media":4502,"comment_status":"closed","ping_status":"open","template":"","meta":{"om_disable_all_campaigns":false,"_monsterinsights_skip_tracking":false,"_monsterinsights_sitenote_active":false,"_monsterinsights_sitenote_note":"","_monsterinsights_sitenote_category":0},"etheme_brands":[],"product_brand":[],"product_cat":[45],"product_tag":[],"class_list":{"0":"post-4501","1":"product","2":"type-product","3":"status-publish","4":"has-post-thumbnail","6":"product_cat-jalkalistat","8":"first","9":"outofstock","10":"product-type-simple"},"aioseo_notices":[],"_links":{"self":[{"href":"https:\/\/mgtre.fi\/en\/wp-json\/wp\/v2\/product\/4501","targetHints":{"allow":["GET"]}}],"collection":[{"href":"https:\/\/mgtre.fi\/en\/wp-json\/wp\/v2\/product"}],"about":[{"href":"https:\/\/mgtre.fi\/en\/wp-json\/wp\/v2\/types\/product"}],"replies":[{"embeddable":true,"href":"https:\/\/mgtre.fi\/en\/wp-json\/wp\/v2\/comments?post=4501"}],"wp:featuredmedia":[{"embeddable":true,"href":"https:\/\/mgtre.fi\/en\/wp-json\/wp\/v2\/media\/4502"}],"wp:attachment":[{"href":"https:\/\/mgtre.fi\/en\/wp-json\/wp\/v2\/media?parent=4501"}],"wp:term":[{"taxonomy":"brand","embeddable":true,"href":"https:\/\/mgtre.fi\/en\/wp-json\/wp\/v2\/etheme_brands?post=4501"},{"taxonomy":"product_brand","embeddable":true,"href":"https:\/\/mgtre.fi\/en\/wp-json\/wp\/v2\/product_brand?post=4501"},{"taxonomy":"product_cat","embeddable":true,"href":"https:\/\/mgtre.fi\/en\/wp-json\/wp\/v2\/product_cat?post=4501"},{"taxonomy":"product_tag","embeddable":true,"href":"https:\/\/mgtre.fi\/en\/wp-json\/wp\/v2\/product_tag?post=4501"}],"curies":[{"name":"wp","href":"https:\/\/api.w.org\/{rel}","templated":true}]}}