{"id":4227,"date":"2023-01-12T18:07:25","date_gmt":"2023-01-12T15:07:25","guid":{"rendered":"https:\/\/mgtre.fi\/product\/ql027\/"},"modified":"2023-01-12T18:09:04","modified_gmt":"2023-01-12T15:09:04","slug":"ql027","status":"publish","type":"product","link":"https:\/\/mgtre.fi\/en\/product\/ql027\/","title":{"rendered":"QL027"},"content":{"rendered":"","protected":false},"excerpt":{"rendered":"<p>Koristeellisen kupera&nbsp;valaisinlista QL027 hienoilla koristeellisilla hiotuilla reunoilla. Listan koko&nbsp; mahdollistaa sen k\u00e4yt\u00f6n vakiokorkeisissa huoneissa ilman tilaa pienent\u00e4v\u00e4\u00e4 visuaalista vaikutusta. Tuote valmistettu k\u00e4ytt\u00e4en kest\u00e4v\u00e4\u00e4 PolyForce- materiaalia, joka tarjoaa iskun- ja vedenkest\u00e4vyyden.&nbsp;Materiaali kest\u00e4\u00e4 my\u00f6s UV-s\u00e4teily\u00e4, joten&nbsp;tuote voidaan asentaa ikkunoiden viereen suorassa auringonpaisteessa. Tarkoitettu k\u00e4ytett\u00e4v\u00e4ksi LED-raitojen kanssa.<\/p>","protected":false},"featured_media":4228,"comment_status":"closed","ping_status":"open","template":"","meta":{"om_disable_all_campaigns":false,"_monsterinsights_skip_tracking":false,"_monsterinsights_sitenote_active":false,"_monsterinsights_sitenote_note":"","_monsterinsights_sitenote_category":0},"etheme_brands":[],"product_brand":[],"product_cat":[54],"product_tag":[],"class_list":{"0":"post-4227","1":"product","2":"type-product","3":"status-publish","4":"has-post-thumbnail","6":"product_cat-kattolistat-epasuoraan-valaistuksen","8":"first","9":"outofstock","10":"product-type-simple"},"aioseo_notices":[],"_links":{"self":[{"href":"https:\/\/mgtre.fi\/en\/wp-json\/wp\/v2\/product\/4227","targetHints":{"allow":["GET"]}}],"collection":[{"href":"https:\/\/mgtre.fi\/en\/wp-json\/wp\/v2\/product"}],"about":[{"href":"https:\/\/mgtre.fi\/en\/wp-json\/wp\/v2\/types\/product"}],"replies":[{"embeddable":true,"href":"https:\/\/mgtre.fi\/en\/wp-json\/wp\/v2\/comments?post=4227"}],"wp:featuredmedia":[{"embeddable":true,"href":"https:\/\/mgtre.fi\/en\/wp-json\/wp\/v2\/media\/4228"}],"wp:attachment":[{"href":"https:\/\/mgtre.fi\/en\/wp-json\/wp\/v2\/media?parent=4227"}],"wp:term":[{"taxonomy":"brand","embeddable":true,"href":"https:\/\/mgtre.fi\/en\/wp-json\/wp\/v2\/etheme_brands?post=4227"},{"taxonomy":"product_brand","embeddable":true,"href":"https:\/\/mgtre.fi\/en\/wp-json\/wp\/v2\/product_brand?post=4227"},{"taxonomy":"product_cat","embeddable":true,"href":"https:\/\/mgtre.fi\/en\/wp-json\/wp\/v2\/product_cat?post=4227"},{"taxonomy":"product_tag","embeddable":true,"href":"https:\/\/mgtre.fi\/en\/wp-json\/wp\/v2\/product_tag?post=4227"}],"curies":[{"name":"wp","href":"https:\/\/api.w.org\/{rel}","templated":true}]}}