{"id":4147,"date":"2023-01-12T18:05:01","date_gmt":"2023-01-12T15:05:01","guid":{"rendered":"https:\/\/mgtre.fi\/product\/md110\/"},"modified":"2023-06-30T15:12:52","modified_gmt":"2023-06-30T12:12:52","slug":"md110","status":"publish","type":"product","link":"https:\/\/mgtre.fi\/en\/product\/md110\/","title":{"rendered":"MD110"},"content":{"rendered":"<p>MD110-kattolista on sile\u00e4 profiili, joka on viimeistelty minimalistisella porraskuvioinnilla. K\u00e4ytimme listan luomisessa uusimpia valmistusratkaisuja, kuten ScratchShield\u00ae -tekniikkaa, jonka ansiosta pinta on lis\u00e4ksi suojattu ja kovetettu, mik\u00e4 takaa kest\u00e4vyyden mekaanisia vaurioita vastaan. MD110 valmistettiin UV- ja kosteudenkest\u00e4v\u00e4st\u00e4 PolyForce-materiaalista. Kattolistat sopivat erinomaisesti stukkokoristeeksi asuntoihin, mutta my\u00f6s julkisiin tiloihin. Kattolistassa on erityinen tila, jonka ansiosta voit tehokkaasti piilottaa johdot, mutta my\u00f6s asentaa LED-valonauhan. LightGuard\u00ae-teknologian ansiosta nauhan diodit eiv\u00e4t l\u00e4vist\u00e4 pintaa pistem\u00e4isesti, jolloin valo levi\u00e4\u00e4 erinomaisesti ymp\u00e4ri huonetta.<\/p>","protected":false},"excerpt":{"rendered":"<div class=\"product__element\">200 x 8.9 x 10.6 [cm]<\/div>\n<div><\/div>\n<div>Kattolista MD110 on n\u00e4ytt\u00e4v\u00e4 L-profiili. Se on valmistettu edistyksellisill\u00e4 tuotantomenetelmill\u00e4 kest\u00e4v\u00e4st\u00e4 PolyForce-materiaalista, jossa on ScratchShield\u00ae-teknologia. Reunus on veden- ja UV-kest\u00e4v\u00e4 LightGuard\u00ae-tekniikan ansiosta.<\/div>","protected":false},"featured_media":4148,"comment_status":"closed","ping_status":"closed","template":"","meta":{"om_disable_all_campaigns":false,"_monsterinsights_skip_tracking":false,"_monsterinsights_sitenote_active":false,"_monsterinsights_sitenote_note":"","_monsterinsights_sitenote_category":0},"etheme_brands":[],"product_brand":[],"product_cat":[49],"product_tag":[],"class_list":{"0":"post-4147","1":"product","2":"type-product","3":"status-publish","4":"has-post-thumbnail","6":"product_cat-kattolistat","8":"first","9":"outofstock","10":"product-type-simple"},"aioseo_notices":[],"_links":{"self":[{"href":"https:\/\/mgtre.fi\/en\/wp-json\/wp\/v2\/product\/4147","targetHints":{"allow":["GET"]}}],"collection":[{"href":"https:\/\/mgtre.fi\/en\/wp-json\/wp\/v2\/product"}],"about":[{"href":"https:\/\/mgtre.fi\/en\/wp-json\/wp\/v2\/types\/product"}],"replies":[{"embeddable":true,"href":"https:\/\/mgtre.fi\/en\/wp-json\/wp\/v2\/comments?post=4147"}],"wp:featuredmedia":[{"embeddable":true,"href":"https:\/\/mgtre.fi\/en\/wp-json\/wp\/v2\/media\/4148"}],"wp:attachment":[{"href":"https:\/\/mgtre.fi\/en\/wp-json\/wp\/v2\/media?parent=4147"}],"wp:term":[{"taxonomy":"brand","embeddable":true,"href":"https:\/\/mgtre.fi\/en\/wp-json\/wp\/v2\/etheme_brands?post=4147"},{"taxonomy":"product_brand","embeddable":true,"href":"https:\/\/mgtre.fi\/en\/wp-json\/wp\/v2\/product_brand?post=4147"},{"taxonomy":"product_cat","embeddable":true,"href":"https:\/\/mgtre.fi\/en\/wp-json\/wp\/v2\/product_cat?post=4147"},{"taxonomy":"product_tag","embeddable":true,"href":"https:\/\/mgtre.fi\/en\/wp-json\/wp\/v2\/product_tag?post=4147"}],"curies":[{"name":"wp","href":"https:\/\/api.w.org\/{rel}","templated":true}]}}