{"id":4038,"date":"2023-01-12T18:02:19","date_gmt":"2023-01-12T15:02:19","guid":{"rendered":"https:\/\/mgtre.fi\/product\/kattorosetti-qr001\/"},"modified":"2023-01-12T18:02:22","modified_gmt":"2023-01-12T15:02:22","slug":"kattorosetti-qr001","status":"publish","type":"product","link":"https:\/\/mgtre.fi\/en\/product\/kattorosetti-qr001\/","title":{"rendered":"KATTOROSETTI QR001"},"content":{"rendered":"","protected":false},"excerpt":{"rendered":"<p>On mahdollista leikata rei\u00e4n, jonka halkaisija on enint\u00e4\u00e4n 15,5 cm &#8211; enint\u00e4\u00e4n kattovalaisimen asentamista varten.<\/p>","protected":false},"featured_media":4039,"comment_status":"closed","ping_status":"open","template":"","meta":{"om_disable_all_campaigns":false,"_monsterinsights_skip_tracking":false,"_monsterinsights_sitenote_active":false,"_monsterinsights_sitenote_note":"","_monsterinsights_sitenote_category":0},"etheme_brands":[],"product_brand":[],"product_cat":[51],"product_tag":[],"class_list":{"0":"post-4038","1":"product","2":"type-product","3":"status-publish","4":"has-post-thumbnail","6":"product_cat-kattorosetit","8":"first","9":"outofstock","10":"product-type-simple"},"aioseo_notices":[],"_links":{"self":[{"href":"https:\/\/mgtre.fi\/en\/wp-json\/wp\/v2\/product\/4038","targetHints":{"allow":["GET"]}}],"collection":[{"href":"https:\/\/mgtre.fi\/en\/wp-json\/wp\/v2\/product"}],"about":[{"href":"https:\/\/mgtre.fi\/en\/wp-json\/wp\/v2\/types\/product"}],"replies":[{"embeddable":true,"href":"https:\/\/mgtre.fi\/en\/wp-json\/wp\/v2\/comments?post=4038"}],"wp:featuredmedia":[{"embeddable":true,"href":"https:\/\/mgtre.fi\/en\/wp-json\/wp\/v2\/media\/4039"}],"wp:attachment":[{"href":"https:\/\/mgtre.fi\/en\/wp-json\/wp\/v2\/media?parent=4038"}],"wp:term":[{"taxonomy":"brand","embeddable":true,"href":"https:\/\/mgtre.fi\/en\/wp-json\/wp\/v2\/etheme_brands?post=4038"},{"taxonomy":"product_brand","embeddable":true,"href":"https:\/\/mgtre.fi\/en\/wp-json\/wp\/v2\/product_brand?post=4038"},{"taxonomy":"product_cat","embeddable":true,"href":"https:\/\/mgtre.fi\/en\/wp-json\/wp\/v2\/product_cat?post=4038"},{"taxonomy":"product_tag","embeddable":true,"href":"https:\/\/mgtre.fi\/en\/wp-json\/wp\/v2\/product_tag?post=4038"}],"curies":[{"name":"wp","href":"https:\/\/api.w.org\/{rel}","templated":true}]}}