{"id":3846,"date":"2023-01-12T17:54:50","date_gmt":"2023-01-12T14:54:50","guid":{"rendered":"https:\/\/mgtre.fi\/product\/jalkalista-md017\/"},"modified":"2023-01-12T17:55:59","modified_gmt":"2023-01-12T14:55:59","slug":"jalkalista-md017","status":"publish","type":"product","link":"https:\/\/mgtre.fi\/en\/product\/jalkalista-md017\/","title":{"rendered":"JALKALISTA  MD017"},"content":{"rendered":"","protected":false},"excerpt":{"rendered":"<p>Moderni ja tyylik\u00e4s&nbsp;jalkalista korkealaatuisista materiaaleista. Valmistettu Puolassa k\u00e4ytt\u00e4en kest\u00e4v\u00e4\u00e4 PolyForce- materiaalia, joka tarjoaa vedenkest\u00e4vyyden. Tuote ei turpoa eik\u00e4 kerrostu, vaikka se altistuisi kosteudelle. Jalkalistan avulla voidaan piilottaa kaapelit ja johdot \u2013 sill\u00e4 sen takana on tilaa.<\/p>","protected":false},"featured_media":3847,"comment_status":"closed","ping_status":"open","template":"","meta":{"om_disable_all_campaigns":false,"_monsterinsights_skip_tracking":false,"_monsterinsights_sitenote_active":false,"_monsterinsights_sitenote_note":"","_monsterinsights_sitenote_category":0},"etheme_brands":[],"product_brand":[],"product_cat":[45],"product_tag":[],"class_list":{"0":"post-3846","1":"product","2":"type-product","3":"status-publish","4":"has-post-thumbnail","6":"product_cat-jalkalistat","8":"first","9":"outofstock","10":"product-type-simple"},"aioseo_notices":[],"_links":{"self":[{"href":"https:\/\/mgtre.fi\/en\/wp-json\/wp\/v2\/product\/3846","targetHints":{"allow":["GET"]}}],"collection":[{"href":"https:\/\/mgtre.fi\/en\/wp-json\/wp\/v2\/product"}],"about":[{"href":"https:\/\/mgtre.fi\/en\/wp-json\/wp\/v2\/types\/product"}],"replies":[{"embeddable":true,"href":"https:\/\/mgtre.fi\/en\/wp-json\/wp\/v2\/comments?post=3846"}],"wp:featuredmedia":[{"embeddable":true,"href":"https:\/\/mgtre.fi\/en\/wp-json\/wp\/v2\/media\/3847"}],"wp:attachment":[{"href":"https:\/\/mgtre.fi\/en\/wp-json\/wp\/v2\/media?parent=3846"}],"wp:term":[{"taxonomy":"brand","embeddable":true,"href":"https:\/\/mgtre.fi\/en\/wp-json\/wp\/v2\/etheme_brands?post=3846"},{"taxonomy":"product_brand","embeddable":true,"href":"https:\/\/mgtre.fi\/en\/wp-json\/wp\/v2\/product_brand?post=3846"},{"taxonomy":"product_cat","embeddable":true,"href":"https:\/\/mgtre.fi\/en\/wp-json\/wp\/v2\/product_cat?post=3846"},{"taxonomy":"product_tag","embeddable":true,"href":"https:\/\/mgtre.fi\/en\/wp-json\/wp\/v2\/product_tag?post=3846"}],"curies":[{"name":"wp","href":"https:\/\/api.w.org\/{rel}","templated":true}]}}