{"id":3827,"date":"2023-01-12T17:54:50","date_gmt":"2023-01-12T14:54:50","guid":{"rendered":"https:\/\/mgtre.fi\/product\/jalkalista-md234\/"},"modified":"2023-01-12T17:55:41","modified_gmt":"2023-01-12T14:55:41","slug":"jalkalista-md234","status":"publish","type":"product","link":"https:\/\/mgtre.fi\/en\/product\/jalkalista-md234\/","title":{"rendered":"JALKALISTA MD234"},"content":{"rendered":"","protected":false},"excerpt":{"rendered":"<p>&nbsp;Jalkalista klassisella yksikokoisella muotoilulla on valmisttetu iskunkest\u00e4v\u00e4st\u00e4 PolyForce- materiaalista. Innovatiivinen ScratchShield- teknologia tekee listasta iskunkest\u00e4v\u00e4n.&nbsp;Jalkalistan avulla voidaan piilottaa kaapelit ja johdot \u2013 sill\u00e4 sen takana on tilaa. Tuote on t\u00e4ysin vedenkest\u00e4v\u00e4, joten sen on mahdollista asentaa kosteissakin tiloissa.<\/p>\n<p><strong>Jalkalistan ScratchShield<sup>\u00ae<\/sup> &#8211; teknologia varmistaa listan t\u00e4yden pinnan kovettumisen.<\/strong><\/p>","protected":false},"featured_media":3828,"comment_status":"closed","ping_status":"open","template":"","meta":{"om_disable_all_campaigns":false,"_monsterinsights_skip_tracking":false,"_monsterinsights_sitenote_active":false,"_monsterinsights_sitenote_note":"","_monsterinsights_sitenote_category":0},"etheme_brands":[],"product_brand":[],"product_cat":[45],"product_tag":[],"class_list":{"0":"post-3827","1":"product","2":"type-product","3":"status-publish","4":"has-post-thumbnail","6":"product_cat-jalkalistat","8":"first","9":"outofstock","10":"product-type-simple"},"aioseo_notices":[],"_links":{"self":[{"href":"https:\/\/mgtre.fi\/en\/wp-json\/wp\/v2\/product\/3827","targetHints":{"allow":["GET"]}}],"collection":[{"href":"https:\/\/mgtre.fi\/en\/wp-json\/wp\/v2\/product"}],"about":[{"href":"https:\/\/mgtre.fi\/en\/wp-json\/wp\/v2\/types\/product"}],"replies":[{"embeddable":true,"href":"https:\/\/mgtre.fi\/en\/wp-json\/wp\/v2\/comments?post=3827"}],"wp:featuredmedia":[{"embeddable":true,"href":"https:\/\/mgtre.fi\/en\/wp-json\/wp\/v2\/media\/3828"}],"wp:attachment":[{"href":"https:\/\/mgtre.fi\/en\/wp-json\/wp\/v2\/media?parent=3827"}],"wp:term":[{"taxonomy":"brand","embeddable":true,"href":"https:\/\/mgtre.fi\/en\/wp-json\/wp\/v2\/etheme_brands?post=3827"},{"taxonomy":"product_brand","embeddable":true,"href":"https:\/\/mgtre.fi\/en\/wp-json\/wp\/v2\/product_brand?post=3827"},{"taxonomy":"product_cat","embeddable":true,"href":"https:\/\/mgtre.fi\/en\/wp-json\/wp\/v2\/product_cat?post=3827"},{"taxonomy":"product_tag","embeddable":true,"href":"https:\/\/mgtre.fi\/en\/wp-json\/wp\/v2\/product_tag?post=3827"}],"curies":[{"name":"wp","href":"https:\/\/api.w.org\/{rel}","templated":true}]}}