{"id":3795,"date":"2023-01-12T17:53:49","date_gmt":"2023-01-12T14:53:49","guid":{"rendered":"https:\/\/mgtre.fi\/product\/fix-extra-liima\/"},"modified":"2023-01-12T17:54:25","modified_gmt":"2023-01-12T14:54:25","slug":"fix-extra-liima","status":"publish","type":"product","link":"https:\/\/mgtre.fi\/en\/product\/fix-extra-liima\/","title":{"rendered":"FIX EXTRA LIIMA"},"content":{"rendered":"","protected":false},"excerpt":{"rendered":"<p>Liima, joka on suunniteltu Mardom Decor- listojen liimaamiseen ja saumaukseen. Liimausominaisuuksien lis\u00e4ksi se my\u00f6s yhdist\u00e4\u00e4 elementtien v\u00e4liset liitokset (valmistettu ProFoam- materiaalista). Tuote ei sis\u00e4ll\u00e4 liuottimia. Liima antaa vahvan ja kiinte\u00e4n sidoksen. Sit\u00e4 voidaan levitt\u00e4\u00e4 erilaisille pinnoille (esim. mineraalilaastit,&nbsp;kipsilevyt, puu, betoni jne.).<\/p>\n<p>L\u00e4pikuultava.<\/p>\n<p>Kapasiteetti: 300&nbsp; ml.<\/p>","protected":false},"featured_media":3796,"comment_status":"closed","ping_status":"open","template":"","meta":{"om_disable_all_campaigns":false,"_monsterinsights_skip_tracking":false,"_monsterinsights_sitenote_active":false,"_monsterinsights_sitenote_note":"","_monsterinsights_sitenote_category":0},"etheme_brands":[],"product_brand":[],"product_cat":[52],"product_tag":[],"class_list":{"0":"post-3795","1":"product","2":"type-product","3":"status-publish","4":"has-post-thumbnail","6":"product_cat-lisatarvikkeet","8":"first","9":"outofstock","10":"product-type-simple"},"aioseo_notices":[],"_links":{"self":[{"href":"https:\/\/mgtre.fi\/en\/wp-json\/wp\/v2\/product\/3795","targetHints":{"allow":["GET"]}}],"collection":[{"href":"https:\/\/mgtre.fi\/en\/wp-json\/wp\/v2\/product"}],"about":[{"href":"https:\/\/mgtre.fi\/en\/wp-json\/wp\/v2\/types\/product"}],"replies":[{"embeddable":true,"href":"https:\/\/mgtre.fi\/en\/wp-json\/wp\/v2\/comments?post=3795"}],"wp:featuredmedia":[{"embeddable":true,"href":"https:\/\/mgtre.fi\/en\/wp-json\/wp\/v2\/media\/3796"}],"wp:attachment":[{"href":"https:\/\/mgtre.fi\/en\/wp-json\/wp\/v2\/media?parent=3795"}],"wp:term":[{"taxonomy":"brand","embeddable":true,"href":"https:\/\/mgtre.fi\/en\/wp-json\/wp\/v2\/etheme_brands?post=3795"},{"taxonomy":"product_brand","embeddable":true,"href":"https:\/\/mgtre.fi\/en\/wp-json\/wp\/v2\/product_brand?post=3795"},{"taxonomy":"product_cat","embeddable":true,"href":"https:\/\/mgtre.fi\/en\/wp-json\/wp\/v2\/product_cat?post=3795"},{"taxonomy":"product_tag","embeddable":true,"href":"https:\/\/mgtre.fi\/en\/wp-json\/wp\/v2\/product_tag?post=3795"}],"curies":[{"name":"wp","href":"https:\/\/api.w.org\/{rel}","templated":true}]}}