{"id":3783,"date":"2023-01-12T17:53:49","date_gmt":"2023-01-12T14:53:49","guid":{"rendered":"https:\/\/mgtre.fi\/product\/jalkalista-md008\/"},"modified":"2023-01-12T17:54:11","modified_gmt":"2023-01-12T14:54:11","slug":"jalkalista-md008","status":"publish","type":"product","link":"https:\/\/mgtre.fi\/en\/product\/jalkalista-md008\/","title":{"rendered":"JALKALISTA MD008"},"content":{"rendered":"","protected":false},"excerpt":{"rendered":"<p>Klassinen&nbsp;jalkalista valmistettu kest\u00e4v\u00e4st\u00e4 PolyForce- materiaalista. Jalkalista on vedenkest\u00e4v\u00e4, joten sit\u00e4 voi asentaa mihin tahansa tilaan. Tuote on valmistettu Puolassa.  Jalkalistan avulla voidaan piilottaa kaapelit ja johdot \u2013 sill\u00e4 sen takana on tilaa.<\/p>\n<p><strong>ScratchShield<sup>\u00ae<\/sup> teknologia varmistaa pinann t\u00e4yden kovettumisen.<\/strong><\/p>","protected":false},"featured_media":3784,"comment_status":"closed","ping_status":"open","template":"","meta":{"om_disable_all_campaigns":false,"_monsterinsights_skip_tracking":false,"_monsterinsights_sitenote_active":false,"_monsterinsights_sitenote_note":"","_monsterinsights_sitenote_category":0},"etheme_brands":[],"product_brand":[],"product_cat":[45],"product_tag":[],"class_list":{"0":"post-3783","1":"product","2":"type-product","3":"status-publish","4":"has-post-thumbnail","6":"product_cat-jalkalistat","8":"first","9":"outofstock","10":"product-type-simple"},"aioseo_notices":[],"_links":{"self":[{"href":"https:\/\/mgtre.fi\/en\/wp-json\/wp\/v2\/product\/3783","targetHints":{"allow":["GET"]}}],"collection":[{"href":"https:\/\/mgtre.fi\/en\/wp-json\/wp\/v2\/product"}],"about":[{"href":"https:\/\/mgtre.fi\/en\/wp-json\/wp\/v2\/types\/product"}],"replies":[{"embeddable":true,"href":"https:\/\/mgtre.fi\/en\/wp-json\/wp\/v2\/comments?post=3783"}],"wp:featuredmedia":[{"embeddable":true,"href":"https:\/\/mgtre.fi\/en\/wp-json\/wp\/v2\/media\/3784"}],"wp:attachment":[{"href":"https:\/\/mgtre.fi\/en\/wp-json\/wp\/v2\/media?parent=3783"}],"wp:term":[{"taxonomy":"brand","embeddable":true,"href":"https:\/\/mgtre.fi\/en\/wp-json\/wp\/v2\/etheme_brands?post=3783"},{"taxonomy":"product_brand","embeddable":true,"href":"https:\/\/mgtre.fi\/en\/wp-json\/wp\/v2\/product_brand?post=3783"},{"taxonomy":"product_cat","embeddable":true,"href":"https:\/\/mgtre.fi\/en\/wp-json\/wp\/v2\/product_cat?post=3783"},{"taxonomy":"product_tag","embeddable":true,"href":"https:\/\/mgtre.fi\/en\/wp-json\/wp\/v2\/product_tag?post=3783"}],"curies":[{"name":"wp","href":"https:\/\/api.w.org\/{rel}","templated":true}]}}