{"id":3753,"date":"2023-01-12T17:51:58","date_gmt":"2023-01-12T14:51:58","guid":{"rendered":"https:\/\/mgtre.fi\/product\/mdb162\/"},"modified":"2023-01-12T17:53:40","modified_gmt":"2023-01-12T14:53:40","slug":"mdb162","status":"publish","type":"product","link":"https:\/\/mgtre.fi\/en\/product\/mdb162\/","title":{"rendered":"MDB162"},"content":{"rendered":"","protected":false},"excerpt":{"rendered":"<p>Kattolista&nbsp;MDB162 on valmistettu kevyest\u00e4, iskun- ja vedenkest\u00e4v\u00e4st\u00e4 ProFoam- materiaalista. Sen alkuper\u00e4inen muoto mahdollistaa kolmiulotteisen vaikutuksen luomisen katon l\u00e4hell\u00e4, mik\u00e4 korostaa sisustusta minimalistisella tavalla. Reunalistan&nbsp;asentaminen&nbsp;on nopea, siisti ja helppo. Upea ulkon\u00e4k\u00f6 s\u00e4ilyy useiden vuosien ajan.<\/p>","protected":false},"featured_media":3754,"comment_status":"closed","ping_status":"open","template":"","meta":{"om_disable_all_campaigns":false,"_monsterinsights_skip_tracking":false,"_monsterinsights_sitenote_active":false,"_monsterinsights_sitenote_note":"","_monsterinsights_sitenote_category":0},"etheme_brands":[],"product_brand":[],"product_cat":[49],"product_tag":[],"class_list":{"0":"post-3753","1":"product","2":"type-product","3":"status-publish","4":"has-post-thumbnail","6":"product_cat-kattolistat","8":"first","9":"outofstock","10":"product-type-simple"},"aioseo_notices":[],"_links":{"self":[{"href":"https:\/\/mgtre.fi\/en\/wp-json\/wp\/v2\/product\/3753","targetHints":{"allow":["GET"]}}],"collection":[{"href":"https:\/\/mgtre.fi\/en\/wp-json\/wp\/v2\/product"}],"about":[{"href":"https:\/\/mgtre.fi\/en\/wp-json\/wp\/v2\/types\/product"}],"replies":[{"embeddable":true,"href":"https:\/\/mgtre.fi\/en\/wp-json\/wp\/v2\/comments?post=3753"}],"wp:featuredmedia":[{"embeddable":true,"href":"https:\/\/mgtre.fi\/en\/wp-json\/wp\/v2\/media\/3754"}],"wp:attachment":[{"href":"https:\/\/mgtre.fi\/en\/wp-json\/wp\/v2\/media?parent=3753"}],"wp:term":[{"taxonomy":"brand","embeddable":true,"href":"https:\/\/mgtre.fi\/en\/wp-json\/wp\/v2\/etheme_brands?post=3753"},{"taxonomy":"product_brand","embeddable":true,"href":"https:\/\/mgtre.fi\/en\/wp-json\/wp\/v2\/product_brand?post=3753"},{"taxonomy":"product_cat","embeddable":true,"href":"https:\/\/mgtre.fi\/en\/wp-json\/wp\/v2\/product_cat?post=3753"},{"taxonomy":"product_tag","embeddable":true,"href":"https:\/\/mgtre.fi\/en\/wp-json\/wp\/v2\/product_tag?post=3753"}],"curies":[{"name":"wp","href":"https:\/\/api.w.org\/{rel}","templated":true}]}}