{"id":3719,"date":"2023-01-12T17:51:58","date_gmt":"2023-01-12T14:51:58","guid":{"rendered":"https:\/\/mgtre.fi\/product\/md137\/"},"modified":"2023-01-12T17:52:47","modified_gmt":"2023-01-12T14:52:47","slug":"md137","status":"publish","type":"product","link":"https:\/\/mgtre.fi\/en\/product\/md137\/","title":{"rendered":"MD137"},"content":{"rendered":"","protected":false},"excerpt":{"rendered":"<p>MD137 on kattolista, joka kauniisti korostaa mit\u00e4 tahansa sisustustyyli\u00e4. Yksityiskohtaiset urat materiaalit antavat ainutlaatuisen luonteen. Korkealaatuinen ty\u00f6 takaa materiaalin uskomattoman kest\u00e4vyyden. MD137 on luotu patentoidusta PolyForce- materiaalista, joka takaa tuotteen vedenkest\u00e4vyyden . T\u00e4m\u00e4n ansiosta jalkalistat ovat erinomainen ratkaisu jopa kosteisiin tiloihin, kuten keitti\u00f6\u00f6n tai kylpyhuoneeseen.<\/p>","protected":false},"featured_media":3720,"comment_status":"closed","ping_status":"open","template":"","meta":{"om_disable_all_campaigns":false,"_monsterinsights_skip_tracking":false,"_monsterinsights_sitenote_active":false,"_monsterinsights_sitenote_note":"","_monsterinsights_sitenote_category":0},"etheme_brands":[],"product_brand":[],"product_cat":[49],"product_tag":[],"class_list":{"0":"post-3719","1":"product","2":"type-product","3":"status-publish","4":"has-post-thumbnail","6":"product_cat-kattolistat","8":"first","9":"outofstock","10":"product-type-simple"},"aioseo_notices":[],"_links":{"self":[{"href":"https:\/\/mgtre.fi\/en\/wp-json\/wp\/v2\/product\/3719","targetHints":{"allow":["GET"]}}],"collection":[{"href":"https:\/\/mgtre.fi\/en\/wp-json\/wp\/v2\/product"}],"about":[{"href":"https:\/\/mgtre.fi\/en\/wp-json\/wp\/v2\/types\/product"}],"replies":[{"embeddable":true,"href":"https:\/\/mgtre.fi\/en\/wp-json\/wp\/v2\/comments?post=3719"}],"wp:featuredmedia":[{"embeddable":true,"href":"https:\/\/mgtre.fi\/en\/wp-json\/wp\/v2\/media\/3720"}],"wp:attachment":[{"href":"https:\/\/mgtre.fi\/en\/wp-json\/wp\/v2\/media?parent=3719"}],"wp:term":[{"taxonomy":"brand","embeddable":true,"href":"https:\/\/mgtre.fi\/en\/wp-json\/wp\/v2\/etheme_brands?post=3719"},{"taxonomy":"product_brand","embeddable":true,"href":"https:\/\/mgtre.fi\/en\/wp-json\/wp\/v2\/product_brand?post=3719"},{"taxonomy":"product_cat","embeddable":true,"href":"https:\/\/mgtre.fi\/en\/wp-json\/wp\/v2\/product_cat?post=3719"},{"taxonomy":"product_tag","embeddable":true,"href":"https:\/\/mgtre.fi\/en\/wp-json\/wp\/v2\/product_tag?post=3719"}],"curies":[{"name":"wp","href":"https:\/\/api.w.org\/{rel}","templated":true}]}}