{"id":3661,"date":"2023-01-12T17:50:06","date_gmt":"2023-01-12T14:50:06","guid":{"rendered":"https:\/\/mgtre.fi\/product\/jalkalista-md356\/"},"modified":"2023-01-12T17:51:37","modified_gmt":"2023-01-12T14:51:37","slug":"jalkalista-md356","status":"publish","type":"product","link":"https:\/\/mgtre.fi\/en\/product\/jalkalista-md356\/","title":{"rendered":"JALKALISTA MD356"},"content":{"rendered":"","protected":false},"excerpt":{"rendered":"<p>Laadukas jalkalista, jossa hienon n\u00e4k\u00f6inen ura aivan yl\u00e4reunan alapuolella. Se on suunniteltu niille, jotka pit\u00e4v\u00e4t katseenvangitsevasta sisustuksesta ja ilmeikk\u00e4ist\u00e4 vempaimista. Innovatiivinen ScratchShield- teknologia tekee &nbsp;jalkalistasta&nbsp;eritt\u00e4in iskunkest\u00e4v\u00e4n. Jalkalistan avulla voidaan piilottaa kaapelit ja johdot \u2013 sill\u00e4 sen takana on tilaa.<\/p>","protected":false},"featured_media":3662,"comment_status":"closed","ping_status":"open","template":"","meta":{"om_disable_all_campaigns":false,"_monsterinsights_skip_tracking":false,"_monsterinsights_sitenote_active":false,"_monsterinsights_sitenote_note":"","_monsterinsights_sitenote_category":0},"etheme_brands":[],"product_brand":[],"product_cat":[45],"product_tag":[],"class_list":{"0":"post-3661","1":"product","2":"type-product","3":"status-publish","4":"has-post-thumbnail","6":"product_cat-jalkalistat","8":"first","9":"outofstock","10":"product-type-simple"},"aioseo_notices":[],"_links":{"self":[{"href":"https:\/\/mgtre.fi\/en\/wp-json\/wp\/v2\/product\/3661","targetHints":{"allow":["GET"]}}],"collection":[{"href":"https:\/\/mgtre.fi\/en\/wp-json\/wp\/v2\/product"}],"about":[{"href":"https:\/\/mgtre.fi\/en\/wp-json\/wp\/v2\/types\/product"}],"replies":[{"embeddable":true,"href":"https:\/\/mgtre.fi\/en\/wp-json\/wp\/v2\/comments?post=3661"}],"wp:featuredmedia":[{"embeddable":true,"href":"https:\/\/mgtre.fi\/en\/wp-json\/wp\/v2\/media\/3662"}],"wp:attachment":[{"href":"https:\/\/mgtre.fi\/en\/wp-json\/wp\/v2\/media?parent=3661"}],"wp:term":[{"taxonomy":"brand","embeddable":true,"href":"https:\/\/mgtre.fi\/en\/wp-json\/wp\/v2\/etheme_brands?post=3661"},{"taxonomy":"product_brand","embeddable":true,"href":"https:\/\/mgtre.fi\/en\/wp-json\/wp\/v2\/product_brand?post=3661"},{"taxonomy":"product_cat","embeddable":true,"href":"https:\/\/mgtre.fi\/en\/wp-json\/wp\/v2\/product_cat?post=3661"},{"taxonomy":"product_tag","embeddable":true,"href":"https:\/\/mgtre.fi\/en\/wp-json\/wp\/v2\/product_tag?post=3661"}],"curies":[{"name":"wp","href":"https:\/\/api.w.org\/{rel}","templated":true}]}}