{"id":3577,"date":"2023-01-12T17:46:47","date_gmt":"2023-01-12T14:46:47","guid":{"rendered":"https:\/\/mgtre.fi\/product\/jalkalista-md360\/"},"modified":"2023-01-12T17:48:21","modified_gmt":"2023-01-12T14:48:21","slug":"jalkalista-md360","status":"publish","type":"product","link":"https:\/\/mgtre.fi\/en\/product\/jalkalista-md360\/","title":{"rendered":"JALKALISTA  MD360"},"content":{"rendered":"","protected":false},"excerpt":{"rendered":"<p>Klassinen ja samaan aikaan moderni valinta niille, jotka etsiv\u00e4t korkealaatuista ja trendik\u00e4st\u00e4 tyyliratkaisua. Jalkalista on valmistettu kest\u00e4v\u00e4st\u00e4 PolyForce-materiaalista . Innovatiivinen ScratchShield-teknologia tekee&nbsp;jalkalistasta&nbsp;eritt\u00e4in iskunkest\u00e4v\u00e4n.  Jalkalistan avulla voidaan piilottaa kaapelit ja johdot \u2013 sill\u00e4 sen takana on tilaa.&nbsp;<\/p>","protected":false},"featured_media":3578,"comment_status":"closed","ping_status":"open","template":"","meta":{"om_disable_all_campaigns":false,"_monsterinsights_skip_tracking":false,"_monsterinsights_sitenote_active":false,"_monsterinsights_sitenote_note":"","_monsterinsights_sitenote_category":0},"etheme_brands":[],"product_brand":[],"product_cat":[45],"product_tag":[],"class_list":{"0":"post-3577","1":"product","2":"type-product","3":"status-publish","4":"has-post-thumbnail","6":"product_cat-jalkalistat","8":"first","9":"outofstock","10":"product-type-simple"},"aioseo_notices":[],"_links":{"self":[{"href":"https:\/\/mgtre.fi\/en\/wp-json\/wp\/v2\/product\/3577","targetHints":{"allow":["GET"]}}],"collection":[{"href":"https:\/\/mgtre.fi\/en\/wp-json\/wp\/v2\/product"}],"about":[{"href":"https:\/\/mgtre.fi\/en\/wp-json\/wp\/v2\/types\/product"}],"replies":[{"embeddable":true,"href":"https:\/\/mgtre.fi\/en\/wp-json\/wp\/v2\/comments?post=3577"}],"wp:featuredmedia":[{"embeddable":true,"href":"https:\/\/mgtre.fi\/en\/wp-json\/wp\/v2\/media\/3578"}],"wp:attachment":[{"href":"https:\/\/mgtre.fi\/en\/wp-json\/wp\/v2\/media?parent=3577"}],"wp:term":[{"taxonomy":"brand","embeddable":true,"href":"https:\/\/mgtre.fi\/en\/wp-json\/wp\/v2\/etheme_brands?post=3577"},{"taxonomy":"product_brand","embeddable":true,"href":"https:\/\/mgtre.fi\/en\/wp-json\/wp\/v2\/product_brand?post=3577"},{"taxonomy":"product_cat","embeddable":true,"href":"https:\/\/mgtre.fi\/en\/wp-json\/wp\/v2\/product_cat?post=3577"},{"taxonomy":"product_tag","embeddable":true,"href":"https:\/\/mgtre.fi\/en\/wp-json\/wp\/v2\/product_tag?post=3577"}],"curies":[{"name":"wp","href":"https:\/\/api.w.org\/{rel}","templated":true}]}}