{"id":3535,"date":"2023-01-12T17:46:47","date_gmt":"2023-01-12T14:46:47","guid":{"rendered":"https:\/\/mgtre.fi\/product\/verholauta-ql016\/"},"modified":"2023-01-12T17:47:15","modified_gmt":"2023-01-12T14:47:15","slug":"verholauta-ql016","status":"publish","type":"product","link":"https:\/\/mgtre.fi\/en\/product\/verholauta-ql016\/","title":{"rendered":"VERHOLAUTA QL016"},"content":{"rendered":"","protected":false},"excerpt":{"rendered":"<p><strong>Verholauta&nbsp;profiilia&nbsp;QL016 k\u00e4ytet\u00e4\u00e4n verhokiskojen peitt\u00e4miseen.<\/p>\n<p><\/strong><\/p>\n<p>Tuotetta voidaan k\u00e4ytt\u00e4\u00e4 erityyppisten verhojen ripustusj\u00e4rjestelmien kanssa.<\/p>\n<p> Mardom Decor verhoprofiililla&nbsp;on erityinen tila LED-nauhan kiinnitt\u00e4miseen. T\u00e4m\u00e4n ansiosta reunat voidaan valaista.<\/p>\n<p>&nbsp;Lista pohjustetaan valkoisella pohjamaalilla, mik\u00e4 helpottaa seuraavien maalikerrosten imeytymist\u00e4. Suosittelemme maalaamaan reunat mill\u00e4 tahansa vesiohenteisella maalilla (akryyli, lateksi, vinyyli).<\/p>\n<p>K\u00e4ytt\u00e4ess\u00e4&nbsp;verholautaa&nbsp;LED- valaistuksella me suosittelemme liimaamaan&nbsp;lista&nbsp;sis\u00e4lt\u00e4 alumiiniteipill\u00e4, jotta saavutetaan t\u00e4ydellinen valon hajaannusikutus.<\/p>","protected":false},"featured_media":3536,"comment_status":"closed","ping_status":"open","template":"","meta":{"om_disable_all_campaigns":false,"_monsterinsights_skip_tracking":false,"_monsterinsights_sitenote_active":false,"_monsterinsights_sitenote_note":"","_monsterinsights_sitenote_category":0},"etheme_brands":[],"product_brand":[],"product_cat":[47],"product_tag":[],"class_list":{"0":"post-3535","1":"product","2":"type-product","3":"status-publish","4":"has-post-thumbnail","6":"product_cat-verholaudat","8":"first","9":"outofstock","10":"product-type-simple"},"aioseo_notices":[],"_links":{"self":[{"href":"https:\/\/mgtre.fi\/en\/wp-json\/wp\/v2\/product\/3535","targetHints":{"allow":["GET"]}}],"collection":[{"href":"https:\/\/mgtre.fi\/en\/wp-json\/wp\/v2\/product"}],"about":[{"href":"https:\/\/mgtre.fi\/en\/wp-json\/wp\/v2\/types\/product"}],"replies":[{"embeddable":true,"href":"https:\/\/mgtre.fi\/en\/wp-json\/wp\/v2\/comments?post=3535"}],"wp:featuredmedia":[{"embeddable":true,"href":"https:\/\/mgtre.fi\/en\/wp-json\/wp\/v2\/media\/3536"}],"wp:attachment":[{"href":"https:\/\/mgtre.fi\/en\/wp-json\/wp\/v2\/media?parent=3535"}],"wp:term":[{"taxonomy":"brand","embeddable":true,"href":"https:\/\/mgtre.fi\/en\/wp-json\/wp\/v2\/etheme_brands?post=3535"},{"taxonomy":"product_brand","embeddable":true,"href":"https:\/\/mgtre.fi\/en\/wp-json\/wp\/v2\/product_brand?post=3535"},{"taxonomy":"product_cat","embeddable":true,"href":"https:\/\/mgtre.fi\/en\/wp-json\/wp\/v2\/product_cat?post=3535"},{"taxonomy":"product_tag","embeddable":true,"href":"https:\/\/mgtre.fi\/en\/wp-json\/wp\/v2\/product_tag?post=3535"}],"curies":[{"name":"wp","href":"https:\/\/api.w.org\/{rel}","templated":true}]}}