{"id":2101,"date":"2021-09-07T12:56:03","date_gmt":"2021-09-07T09:56:03","guid":{"rendered":"https:\/\/mgtre.fi\/?post_type=product&#038;p=2101"},"modified":"2021-09-07T20:37:04","modified_gmt":"2021-09-07T17:37:04","slug":"column-large","status":"publish","type":"product","link":"https:\/\/mgtre.fi\/en\/product\/column-large\/","title":{"rendered":"Column large"},"content":{"rendered":"<p>Column on sis\u00e4-ja ulkotakka. Se on ensimm\u00e4inen lajissaan. Pystyt t\u00e4ytt\u00e4m\u00e4\u00e4n sis\u00e4tilasi, kodin sis\u00e4\u00e4nk\u00e4ynti\u00e4 tai takapihasi upealla Columnila, joka sopii mihin tahansa sisustukseen. \u00a0T\u00e4m\u00e4 on loistava tapa pident\u00e4\u00e4 ulkona olemista.<\/p>\n<p>Nelj\u00e4 pikkupy\u00f6r\u00e4\u00e4 helpottavat takan siirtymist\u00e4 tilasta toiseen tarpeen mukaan. Takka tuo rentoutumista ja j\u00e4tt\u00e4\u00e4 modernia j\u00e4lke\u00e4 nykyaikaisessa mustassa tai valkoisessa v\u00e4riss\u00e4.<\/p>\n<p>Bio-Blaze tarjoaa kaksi versiota: Column small &amp; Column large. Parhaiten tarpeidesi mukaan.<\/p>\n<p>Column on valmistettu korkealaatuisesta jauhemaalatusta ter\u00e4ksest\u00e4, sek\u00e4 jokaisella puolella on asetettu karkaistu lasi turvallisuutta varten.<\/p>\n<p><strong><em>T\u00e4m\u00e4 on vihre\u00e4 tuote<\/em><\/strong><\/p>\n<p>Ei savupiippua! Ei kaasua! Bio-Blaze takat k\u00e4ytt\u00e4v\u00e4t bioetanolipolttoainetta tuottaakseen hienostunutta l\u00e4mp\u00f6\u00e4 ja tuodakseen iloa todellisista liekist\u00e4 asuintilaasi<\/p>\n<p>Bioetanoli palaa puhtaana ja se on myrkyt\u00f6n. Se vapauttaa pieni\u00e4 m\u00e4\u00e4ri\u00e4 hiilidioksidia ja vesih\u00f6yry\u00e4, kuten tavallinen kynttil\u00e4.<\/p>\n<p><em><strong>Todella helppo asentaa &amp; k\u00e4ytt\u00e4\u00e4<\/strong><\/em><\/p>\n<p>T\u00e4m\u00e4 vapaasti seisova takka voidaan sijoittaa sein\u00e4\u00e4 vasten tai siirt\u00e4\u00e4 helposti mihin tahansa huoneeseen nelj\u00e4n pikkupy\u00f6r\u00e4n avulla.<\/p>\n<p>Kuten kaikki muutkin Bio-Blaze tuotteet, Column on varustettu korkealaatuisella, harjatusta ruostumattomasta ter\u00e4ksest\u00e4 s\u00e4\u00e4dett\u00e4v\u00e4ll\u00e4 polttimella, joka tuo tyylikk\u00e4\u00e4n ja rentouttavan liekin.<\/p>\n<p>Liekki sammuu helposti sulkemalla pelti.<\/p>\n<p>T\u00e4m\u00e4n tuotteen mukana toimitetaan kaikki lis\u00e4varusteet, mukaan lukien suppilo ja k\u00e4ytt\u00f6ohjeet.<\/p>\n<p>&nbsp;<\/p>\n<p><strong>Tutustu ensin k\u00e4ytt\u00f6ohjeeseen ennen kuin k\u00e4yt\u00e4t mit\u00e4\u00e4n Bio-Blaze -tuotteita.<\/strong><\/p>\n<p>&nbsp;<\/p>","protected":false},"excerpt":{"rendered":"<p>Mitat : L 404 x H 1270 x D 404 mm<\/p>","protected":false},"featured_media":2103,"comment_status":"open","ping_status":"closed","template":"","meta":{"om_disable_all_campaigns":false,"_monsterinsights_skip_tracking":false,"_monsterinsights_sitenote_active":false,"_monsterinsights_sitenote_note":"","_monsterinsights_sitenote_category":0},"etheme_brands":[],"product_brand":[],"product_cat":[21],"product_tag":[],"class_list":{"0":"post-2101","1":"product","2":"type-product","3":"status-publish","4":"has-post-thumbnail","6":"product_cat-biotakat","8":"first","9":"instock","10":"shipping-taxable","11":"product-type-simple"},"aioseo_notices":[],"_links":{"self":[{"href":"https:\/\/mgtre.fi\/en\/wp-json\/wp\/v2\/product\/2101","targetHints":{"allow":["GET"]}}],"collection":[{"href":"https:\/\/mgtre.fi\/en\/wp-json\/wp\/v2\/product"}],"about":[{"href":"https:\/\/mgtre.fi\/en\/wp-json\/wp\/v2\/types\/product"}],"replies":[{"embeddable":true,"href":"https:\/\/mgtre.fi\/en\/wp-json\/wp\/v2\/comments?post=2101"}],"wp:featuredmedia":[{"embeddable":true,"href":"https:\/\/mgtre.fi\/en\/wp-json\/wp\/v2\/media\/2103"}],"wp:attachment":[{"href":"https:\/\/mgtre.fi\/en\/wp-json\/wp\/v2\/media?parent=2101"}],"wp:term":[{"taxonomy":"brand","embeddable":true,"href":"https:\/\/mgtre.fi\/en\/wp-json\/wp\/v2\/etheme_brands?post=2101"},{"taxonomy":"product_brand","embeddable":true,"href":"https:\/\/mgtre.fi\/en\/wp-json\/wp\/v2\/product_brand?post=2101"},{"taxonomy":"product_cat","embeddable":true,"href":"https:\/\/mgtre.fi\/en\/wp-json\/wp\/v2\/product_cat?post=2101"},{"taxonomy":"product_tag","embeddable":true,"href":"https:\/\/mgtre.fi\/en\/wp-json\/wp\/v2\/product_tag?post=2101"}],"curies":[{"name":"wp","href":"https:\/\/api.w.org\/{rel}","templated":true}]}}