{"id":2071,"date":"2021-09-07T12:38:58","date_gmt":"2021-09-07T09:38:58","guid":{"rendered":"https:\/\/mgtre.fi\/?post_type=product&#038;p=2071"},"modified":"2021-09-07T12:38:58","modified_gmt":"2021-09-07T09:38:58","slug":"qube-small","status":"publish","type":"product","link":"https:\/\/mgtre.fi\/en\/product\/qube-small\/","title":{"rendered":"Qube small"},"content":{"rendered":"<p>Qube on eritt\u00e4in tyylik\u00e4s ja esteettinen takka. Yksinkertainen neli\u00f6n muotoilu tekee siit\u00e4 monipuolisesti sopivan mihin tahansa sisustukseen, k\u00e4ytett\u00e4v\u00e4ksi sis\u00e4ll\u00e4 tai ulkona. Se n\u00e4kyy parhaiten, kun se sijaitsee keskeisell\u00e4 paikalla, jossa liekist\u00e4 voi nauttia kummastakin puolelta.<\/p>\n<p>T\u00e4m\u00e4 tuote tarjoaa dramaattisen efektin mihin tahansa kodin sisustukseen, hotellin aulaan tai ravintolaan. Qube tuo rennon tunnelman ja lis\u00e4\u00e4 modernia j\u00e4lke\u00e4 nykyaikaisessa mustassa tai valkoisessa v\u00e4riss\u00e4.<\/p>\n<p>Bio-Blaze tarjoaa kaksi versiota : Qube small tai Qube large. Parhaiten tarpeidesi mukaan.<\/p>\n<p>Qube on valmistettu korkealaatuisesta jauhemaalatusta ter\u00e4ksest\u00e4, sek\u00e4 molemmille puolille on asetettu karkaistua lasia turvallisuutta varten.<\/p>\n<p>&nbsp;<\/p>\n<p><strong><em>T\u00e4m\u00e4 on vihre\u00e4 tuote<\/em><\/strong><\/p>\n<p>Ei savupiippua! Ei kaasua! Bio-Blaze takat k\u00e4ytt\u00e4v\u00e4t bioetanolipolttoainetta tuottaakseen hienostunutta l\u00e4mp\u00f6\u00e4 ja tuodakseen iloa todellisista liekist\u00e4 asuintilaasi<\/p>\n<p>Bioetanoli palaa puhtaana ja se on myrkyt\u00f6n. Se vapauttaa pieni\u00e4 m\u00e4\u00e4ri\u00e4 hiilidioksidia ja vesih\u00f6yry\u00e4, kuten tavallinen kynttil\u00e4.<\/p>\n<p>&nbsp;<\/p>\n<p><em><strong>Todella helppo asentaa &amp; k\u00e4ytt\u00e4\u00e4<\/strong><\/em><\/p>\n<p>T\u00e4m\u00e4 vapaasti seisova takka voidaan sijoittaa sein\u00e4\u00e4 vasten tai siirt\u00e4\u00e4 helposti mihin tahansa huoneeseen nelj\u00e4n pikkurenkaan avulla.<\/p>\n<p>Kuten kaikki muutkin Bio-Blaze tuotteet, Qube on varustettu korkealaatuisella, harjatusta ruostumattomasta ter\u00e4ksest\u00e4 s\u00e4\u00e4dett\u00e4v\u00e4ll\u00e4 polttimella, joka tuo tyylikk\u00e4\u00e4n ja rentouttavan liekin.<\/p>\n<p>Liekki sammuu helposti sulkemalla pelti.<\/p>\n<p>T\u00e4m\u00e4n tuotteen mukana toimitetaan kaikki lis\u00e4varusteet, mukaan lukien suppilo ja k\u00e4ytt\u00f6ohjeet.<\/p>\n<p>&nbsp;<\/p>\n<p><strong>Tutustu ensin k\u00e4ytt\u00f6ohjeeseen ennen kuin k\u00e4yt\u00e4t mit\u00e4\u00e4n Bio-Blaze -tuotteita.<\/strong><\/p>\n<p>&nbsp;<\/p>\n<p>&nbsp;<\/p>","protected":false},"excerpt":{"rendered":"<table class=\"proddetail\">\n<tbody>\n<tr>\n<td>Mitat : L 800 x H 800 x D 250 mm<\/td>\n<\/tr>\n<\/tbody>\n<\/table>","protected":false},"featured_media":2072,"comment_status":"open","ping_status":"closed","template":"","meta":{"om_disable_all_campaigns":false,"_monsterinsights_skip_tracking":false,"_monsterinsights_sitenote_active":false,"_monsterinsights_sitenote_note":"","_monsterinsights_sitenote_category":0},"etheme_brands":[],"product_brand":[],"product_cat":[21],"product_tag":[],"class_list":{"0":"post-2071","1":"product","2":"type-product","3":"status-publish","4":"has-post-thumbnail","6":"product_cat-biotakat","8":"first","9":"instock","10":"shipping-taxable","11":"product-type-simple"},"aioseo_notices":[],"_links":{"self":[{"href":"https:\/\/mgtre.fi\/en\/wp-json\/wp\/v2\/product\/2071","targetHints":{"allow":["GET"]}}],"collection":[{"href":"https:\/\/mgtre.fi\/en\/wp-json\/wp\/v2\/product"}],"about":[{"href":"https:\/\/mgtre.fi\/en\/wp-json\/wp\/v2\/types\/product"}],"replies":[{"embeddable":true,"href":"https:\/\/mgtre.fi\/en\/wp-json\/wp\/v2\/comments?post=2071"}],"wp:featuredmedia":[{"embeddable":true,"href":"https:\/\/mgtre.fi\/en\/wp-json\/wp\/v2\/media\/2072"}],"wp:attachment":[{"href":"https:\/\/mgtre.fi\/en\/wp-json\/wp\/v2\/media?parent=2071"}],"wp:term":[{"taxonomy":"brand","embeddable":true,"href":"https:\/\/mgtre.fi\/en\/wp-json\/wp\/v2\/etheme_brands?post=2071"},{"taxonomy":"product_brand","embeddable":true,"href":"https:\/\/mgtre.fi\/en\/wp-json\/wp\/v2\/product_brand?post=2071"},{"taxonomy":"product_cat","embeddable":true,"href":"https:\/\/mgtre.fi\/en\/wp-json\/wp\/v2\/product_cat?post=2071"},{"taxonomy":"product_tag","embeddable":true,"href":"https:\/\/mgtre.fi\/en\/wp-json\/wp\/v2\/product_tag?post=2071"}],"curies":[{"name":"wp","href":"https:\/\/api.w.org\/{rel}","templated":true}]}}