{"id":2042,"date":"2021-08-08T15:45:18","date_gmt":"2021-08-08T12:45:18","guid":{"rendered":"https:\/\/mgtre.fi\/?post_type=product&#038;p=2042"},"modified":"2021-08-08T15:50:15","modified_gmt":"2021-08-08T12:50:15","slug":"ignite-xl-50","status":"publish","type":"product","link":"https:\/\/mgtre.fi\/en\/product\/ignite-xl-50\/","title":{"rendered":"Ignite XL 50&#8243;"},"content":{"rendered":"<p>Uusi Ignite XL- sarja asettaa selke\u00e4sti uudet standardit tulen suunnittelulle ja nauttimiselle, mik\u00e4 mahdollistaa ennenn\u00e4kem\u00e4tt\u00f6m\u00e4n panoraaman\u00e4kym\u00e4n liekkeihin. LED- valaisimen v\u00e4ri\u00e4 voidaan s\u00e4\u00e4t\u00e4\u00e4 mihin tahansa tilanteeseen sopivaksi. Sen hiljainen l\u00e4mmitin k\u00e4ynnistyy nopeasti piilotettujen tuuletusaukkojen kautta, sek\u00e4 toimii \u00e4lykk\u00e4\u00e4sti ja tehokkaasti. \u00a0Ignite XL vaatii kuitenkin tilaa ja hieman vaivaa asentamiselle.<\/p>\n<ul>\n<li>Reunasta reunaan oleva lasi tarjoaa virheett\u00f6m\u00e4n panoraaman\u00e4kym\u00e4n liekkeihin mist\u00e4 tahansa kulmasta<\/li>\n<li>Polttoainekerros, joka on koristeltu heijastavilla akryylikivill\u00e4, jotka voidaan valaista eri v\u00e4reill\u00e4<\/li>\n<li>Nopea l\u00e4mmitys l\u00e4mm\u00f6nvaihtotoiminnon ja digitaalisen termostaatin ansiosta, joka helpottaa l\u00e4mp\u00f6tilan s\u00e4\u00e4t\u00f6\u00e4<\/li>\n<li>Patentoitu ComfortSaver- l\u00e4mmitysj\u00e4rjestelm\u00e4n Eco- tila pienent\u00e4\u00e4 virrankulutusta<\/li>\n<\/ul>","protected":false},"excerpt":{"rendered":"<p>WxHxD mitat :\u00a0141 x 121 x 41 cm<\/p>","protected":false},"featured_media":2045,"comment_status":"open","ping_status":"closed","template":"","meta":{"om_disable_all_campaigns":false,"_monsterinsights_skip_tracking":false,"_monsterinsights_sitenote_active":false,"_monsterinsights_sitenote_note":"","_monsterinsights_sitenote_category":0},"etheme_brands":[],"product_brand":[],"product_cat":[20],"product_tag":[],"class_list":{"0":"post-2042","1":"product","2":"type-product","3":"status-publish","4":"has-post-thumbnail","6":"product_cat-sahkotakat","8":"first","9":"instock","10":"shipping-taxable","11":"purchasable","12":"product-type-simple"},"aioseo_notices":[],"_links":{"self":[{"href":"https:\/\/mgtre.fi\/en\/wp-json\/wp\/v2\/product\/2042","targetHints":{"allow":["GET"]}}],"collection":[{"href":"https:\/\/mgtre.fi\/en\/wp-json\/wp\/v2\/product"}],"about":[{"href":"https:\/\/mgtre.fi\/en\/wp-json\/wp\/v2\/types\/product"}],"replies":[{"embeddable":true,"href":"https:\/\/mgtre.fi\/en\/wp-json\/wp\/v2\/comments?post=2042"}],"wp:featuredmedia":[{"embeddable":true,"href":"https:\/\/mgtre.fi\/en\/wp-json\/wp\/v2\/media\/2045"}],"wp:attachment":[{"href":"https:\/\/mgtre.fi\/en\/wp-json\/wp\/v2\/media?parent=2042"}],"wp:term":[{"taxonomy":"brand","embeddable":true,"href":"https:\/\/mgtre.fi\/en\/wp-json\/wp\/v2\/etheme_brands?post=2042"},{"taxonomy":"product_brand","embeddable":true,"href":"https:\/\/mgtre.fi\/en\/wp-json\/wp\/v2\/product_brand?post=2042"},{"taxonomy":"product_cat","embeddable":true,"href":"https:\/\/mgtre.fi\/en\/wp-json\/wp\/v2\/product_cat?post=2042"},{"taxonomy":"product_tag","embeddable":true,"href":"https:\/\/mgtre.fi\/en\/wp-json\/wp\/v2\/product_tag?post=2042"}],"curies":[{"name":"wp","href":"https:\/\/api.w.org\/{rel}","templated":true}]}}