{"id":2002,"date":"2021-08-06T16:21:15","date_gmt":"2021-08-06T13:21:15","guid":{"rendered":"https:\/\/mgtre.fi\/?post_type=product&#038;p=2002"},"modified":"2021-08-06T16:21:15","modified_gmt":"2021-08-06T13:21:15","slug":"columbus","status":"publish","type":"product","link":"https:\/\/mgtre.fi\/en\/product\/columbus\/","title":{"rendered":"Columbus"},"content":{"rendered":"<p>Luo rauhallinen ja kiehtova ymp\u00e4rist\u00f6 lis\u00e4\u00e4m\u00e4ll\u00e4 t\u00e4m\u00e4 sein\u00e4lle asennettava takka.<\/p>\n<p>Columbus luo ainutlaatuisen ja l\u00e4mpim\u00e4n ilmapiirin kaikkiin sisustustyyleihin. Voit nauttia liekin tunnelmasta ja l\u00e4mm\u00f6st\u00e4 ymp\u00e4ri vuoden!<\/p>\n<p>Columbus on saatavana kahdessa v\u00e4riss\u00e4: musta ja valkoinen.<\/p>\n<p>Kuten kaikki muutkin Bio-Blaze tuotteet, Columbus on varustettu korkealaatuisella harjatulla ruostumattomasta ter\u00e4ksell\u00e4 s\u00e4\u00e4dett\u00e4v\u00e4ll\u00e4 polttimella, joka tuo tyylikk\u00e4\u00e4n ja rentouttavan liekin.<\/p>\n<p>Liekki helposti sammuu sulkemalla pelti.<\/p>\n<p><strong><em>T\u00e4m\u00e4 on vihre\u00e4 tuote<\/em><\/strong><\/p>\n<p>Ei savupiippua! Ei kaasua! Bio-Blaze takat k\u00e4ytt\u00e4v\u00e4t bioetanolipolttoainetta tuottaakseen hienostunutta l\u00e4mp\u00f6\u00e4 ja tuodakseen iloa todellisista liekist\u00e4 asuintilaasi<\/p>\n<p>Bioetanoli palaa puhtaana ja se on myrkyt\u00f6n. Se vapauttaa pieni\u00e4 m\u00e4\u00e4ri\u00e4 hiilidioksidia ja vesih\u00f6yry\u00e4, kuten tavallinen kynttil\u00e4<\/p>\n<p>&nbsp;<\/p>\n<p><em><strong>Todella helppo asentaa &amp; k\u00e4ytt\u00e4\u00e4<\/strong><\/em><\/p>\n<p>Takka voidaan ripustaa l\u00e4hes mihin tahansa sein\u00e4\u00e4n, kuten esimerkiksi kipsiseiniin, kiviseiniin, betoniseiniin tai puuseiniin. Diamond I on valmistettu korkealaatuisesta jauhemaalatusta ter\u00e4ksest\u00e4, jossa on integroitu l\u00e4mm\u00f6nkest\u00e4v\u00e4 insolaatio. Turvallisuuden tunteen lis\u00e4\u00e4miseksi on mahdollista asettaa lis\u00e4varusteena saatavan karkaistun lasin.<\/p>\n<p>&nbsp;<\/p>\n<p>Kaikki lis\u00e4varusteet sis\u00e4ltyv\u00e4t mukaan, mukaan lukien suppilo, valkoiset kivet ja k\u00e4ytt\u00f6ohjeet.<\/p>\n<p><strong>Tutustu ensin k\u00e4ytt\u00f6ohjeeseen ennen kuin k\u00e4yt\u00e4t mit\u00e4\u00e4n Bio-Blaze -tuotteita.<\/strong><\/p>\n<p>&nbsp;<\/p>","protected":false},"excerpt":{"rendered":"<p>Mitat :\u00a0L 60 x H 50 x D 20 cm<\/p>","protected":false},"featured_media":2004,"comment_status":"open","ping_status":"closed","template":"","meta":{"om_disable_all_campaigns":false,"_monsterinsights_skip_tracking":false,"_monsterinsights_sitenote_active":false,"_monsterinsights_sitenote_note":"","_monsterinsights_sitenote_category":0},"etheme_brands":[],"product_brand":[],"product_cat":[21],"product_tag":[],"class_list":{"0":"post-2002","1":"product","2":"type-product","3":"status-publish","4":"has-post-thumbnail","6":"product_cat-biotakat","8":"first","9":"instock","10":"shipping-taxable","11":"product-type-simple"},"aioseo_notices":[],"_links":{"self":[{"href":"https:\/\/mgtre.fi\/en\/wp-json\/wp\/v2\/product\/2002","targetHints":{"allow":["GET"]}}],"collection":[{"href":"https:\/\/mgtre.fi\/en\/wp-json\/wp\/v2\/product"}],"about":[{"href":"https:\/\/mgtre.fi\/en\/wp-json\/wp\/v2\/types\/product"}],"replies":[{"embeddable":true,"href":"https:\/\/mgtre.fi\/en\/wp-json\/wp\/v2\/comments?post=2002"}],"wp:featuredmedia":[{"embeddable":true,"href":"https:\/\/mgtre.fi\/en\/wp-json\/wp\/v2\/media\/2004"}],"wp:attachment":[{"href":"https:\/\/mgtre.fi\/en\/wp-json\/wp\/v2\/media?parent=2002"}],"wp:term":[{"taxonomy":"brand","embeddable":true,"href":"https:\/\/mgtre.fi\/en\/wp-json\/wp\/v2\/etheme_brands?post=2002"},{"taxonomy":"product_brand","embeddable":true,"href":"https:\/\/mgtre.fi\/en\/wp-json\/wp\/v2\/product_brand?post=2002"},{"taxonomy":"product_cat","embeddable":true,"href":"https:\/\/mgtre.fi\/en\/wp-json\/wp\/v2\/product_cat?post=2002"},{"taxonomy":"product_tag","embeddable":true,"href":"https:\/\/mgtre.fi\/en\/wp-json\/wp\/v2\/product_tag?post=2002"}],"curies":[{"name":"wp","href":"https:\/\/api.w.org\/{rel}","templated":true}]}}