{"id":1955,"date":"2021-08-05T12:57:29","date_gmt":"2021-08-05T09:57:29","guid":{"rendered":"https:\/\/mgtre.fi\/?post_type=product&#038;p=1955"},"modified":"2024-03-03T15:47:36","modified_gmt":"2024-03-03T12:47:36","slug":"diamond-i","status":"publish","type":"product","link":"https:\/\/mgtre.fi\/en\/product\/diamond-i\/","title":{"rendered":"Diamond I"},"content":{"rendered":"<p>Diamond- kokoelma on kaareva takka, joka sopii kaiken kokoisiin huoneisiin olipa sisustus moderni tai klassinen. T\u00e4m\u00e4n takan tyyli on ajaton ja miellytt\u00e4\u00e4 monia sisustussuunnitelmia.<\/p>\n<p>Saatavana kahdessa eri v\u00e4riss\u00e4 : musta tai ruostumaton ter\u00e4s<\/p>\n<p><strong><em>T\u00e4m\u00e4 on vihre\u00e4 tuote<\/em><\/strong><\/p>\n<p>Ei savupiippua! Ei kaasua! Bio-Blaze takat k\u00e4ytt\u00e4v\u00e4t bioetanolipolttoainetta tuottaakseen hienostunutta l\u00e4mp\u00f6\u00e4 ja tuodakseen iloa todellisista liekist\u00e4 asuintilaasi<\/p>\n<p>Bioetanoli palaa puhtaana ja se on myrkyt\u00f6n. Se vapauttaa pieni\u00e4 m\u00e4\u00e4ri\u00e4 hiilidioksidia ja vesih\u00f6yry\u00e4, kuten tavallinen kynttil\u00e4<\/p>\n<p><em><strong>Todella helppo asentaa &amp; k\u00e4ytt\u00e4\u00e4<\/strong><\/em><\/p>\n<p>Takka voidaan ripustaa l\u00e4hes mihin tahansa sein\u00e4\u00e4n, kuten esimerkiksi kipsiseiniin, kiviseiniin, betoniseiniin tai puuseiniin. Diamond I on valmistettu korkealaatuisesta jauhemaalatusta ter\u00e4ksest\u00e4, jossa on integroitu l\u00e4mm\u00f6nkest\u00e4v\u00e4 insolaatio. Turvallisuuden tunteen lis\u00e4\u00e4miseksi on mahdollista asettaa lis\u00e4varusteena saatavan karkaistun lasin.<\/p>\n<p>Bio-Blaze tarjoaa t\u00e4st\u00e4 tuotteesta kaksi versiota, jotta voit valita ihanteellisen liekin tilan l\u00e4mmitt\u00e4miseksi ja parantamiseksi.<\/p>\n<p>&nbsp;<\/p>\n<p>Diamond I on varustettu kolmella valurautaisella polttimella, jotka tuottavat kolme yksitt\u00e4ist\u00e4 liekki\u00e4. Voit valita, haluatko sytytt\u00e4\u00e4 kaikki kolme samaan aikaan, kahden tai ainoastaan yhden liekin.<\/p>\n<p>Diamond II on varustettu korkealaatuisella harjatulla ruostumattomasta ter\u00e4ksell\u00e4 s\u00e4\u00e4dett\u00e4v\u00e4ll\u00e4 polttimella, joka tuo tyylikk\u00e4\u00e4n ja rentouttavan liekin.<\/p>\n<p>Molemmissa versioissa liekki on helppo sammuttaa joko k\u00e4ytt\u00e4m\u00e4ll\u00e4 takkaan sis\u00e4ltyv\u00e4\u00e4 sammutinta (Diamond I) tai sulkemalla pelti (Diamond II).<\/p>\n<p>Kaikki lis\u00e4varusteet sis\u00e4ltyv\u00e4t mukaan, mukaan lukien suppilo, valkoiset kivet ja k\u00e4ytt\u00f6ohjeet.<\/p>\n<p><strong>Tutustu ensin k\u00e4ytt\u00f6ohjeeseen ennen kuin k\u00e4yt\u00e4t mit\u00e4\u00e4n Bio-Blaze -tuotteita.<\/strong><\/p>\n<p>&nbsp;<\/p>","protected":false},"excerpt":{"rendered":"<p>Diamond- kokoelma on kaareva takka, joka sopii kaiken kokoisiin huoneisiin olipa sisustus moderni tai klassinen. T\u00e4m\u00e4n takan tyyli on ajaton ja miellytt\u00e4\u00e4 monia sisustussuunnitelmia. Saatavana&#8230;<\/p>","protected":false},"featured_media":1956,"comment_status":"open","ping_status":"closed","template":"","meta":{"om_disable_all_campaigns":false,"_monsterinsights_skip_tracking":false,"_monsterinsights_sitenote_active":false,"_monsterinsights_sitenote_note":"","_monsterinsights_sitenote_category":0},"etheme_brands":[],"product_brand":[],"product_cat":[21],"product_tag":[],"class_list":{"0":"post-1955","1":"product","2":"type-product","3":"status-publish","4":"has-post-thumbnail","6":"product_cat-biotakat","8":"first","9":"instock","10":"shipping-taxable","11":"product-type-simple"},"aioseo_notices":[],"_links":{"self":[{"href":"https:\/\/mgtre.fi\/en\/wp-json\/wp\/v2\/product\/1955","targetHints":{"allow":["GET"]}}],"collection":[{"href":"https:\/\/mgtre.fi\/en\/wp-json\/wp\/v2\/product"}],"about":[{"href":"https:\/\/mgtre.fi\/en\/wp-json\/wp\/v2\/types\/product"}],"replies":[{"embeddable":true,"href":"https:\/\/mgtre.fi\/en\/wp-json\/wp\/v2\/comments?post=1955"}],"wp:featuredmedia":[{"embeddable":true,"href":"https:\/\/mgtre.fi\/en\/wp-json\/wp\/v2\/media\/1956"}],"wp:attachment":[{"href":"https:\/\/mgtre.fi\/en\/wp-json\/wp\/v2\/media?parent=1955"}],"wp:term":[{"taxonomy":"brand","embeddable":true,"href":"https:\/\/mgtre.fi\/en\/wp-json\/wp\/v2\/etheme_brands?post=1955"},{"taxonomy":"product_brand","embeddable":true,"href":"https:\/\/mgtre.fi\/en\/wp-json\/wp\/v2\/product_brand?post=1955"},{"taxonomy":"product_cat","embeddable":true,"href":"https:\/\/mgtre.fi\/en\/wp-json\/wp\/v2\/product_cat?post=1955"},{"taxonomy":"product_tag","embeddable":true,"href":"https:\/\/mgtre.fi\/en\/wp-json\/wp\/v2\/product_tag?post=1955"}],"curies":[{"name":"wp","href":"https:\/\/api.w.org\/{rel}","templated":true}]}}