{"id":1943,"date":"2021-08-04T23:21:15","date_gmt":"2021-08-04T20:21:15","guid":{"rendered":"https:\/\/mgtre.fi\/?post_type=product&#038;p=1943"},"modified":"2021-08-04T23:21:15","modified_gmt":"2021-08-04T20:21:15","slug":"moorefield","status":"publish","type":"product","link":"https:\/\/mgtre.fi\/en\/product\/moorefield\/","title":{"rendered":"Moorefield"},"content":{"rendered":"<p>Moorefield-malli yhdistyy puhtaisiin ja tyylikk\u00e4isiin linjoihin mink\u00e4 tahansa modernin olohuoneen kanssa. Sen luonnonvalkoinen viimeistely kivitehosteella antaa klassisen tunnelman t\u00e4lle takalle.<\/p>\n<p>Todellinen hurmaava keskipiste t\u00e4ss\u00e4 takassa on 3D Optimyst-palo, jonka liekki-ja savuefekti ei koskaan ole sama. Tulta on mahdollista ohjata kaukos\u00e4\u00e4timen avulla ja \u00a0omatoimisesti my\u00f6s s\u00e4\u00e4t\u00e4\u00e4 l\u00e4mmittimen, jotta p\u00e4\u00e4see nauttimaan upeista liekeist\u00e4 l\u00e4mpimin\u00e4 vuodenaikoina.<\/p>\n<ul>\n<li>\u00a0Klassisessa ja ajattomassa suunnittelussa<\/li>\n<li>Hieno kivitehoste<\/li>\n<li>Valinnainen : peilipaneeli takaa entist\u00e4 intensiivisemm\u00e4n palokokemuksen<\/li>\n<li>Termostaatti, jonka l\u00e4mmitystehoa mahdollista s\u00e4\u00e4t\u00e4\u00e4 miten itse toivoo<\/li>\n<\/ul>\n<p>&nbsp;<\/p>","protected":false},"excerpt":{"rendered":"<p>WxHxD mitat :\u00a092 x 86,4 x 31,5 cm<\/p>","protected":false},"featured_media":1944,"comment_status":"open","ping_status":"closed","template":"","meta":{"om_disable_all_campaigns":false,"_monsterinsights_skip_tracking":false,"_monsterinsights_sitenote_active":false,"_monsterinsights_sitenote_note":"","_monsterinsights_sitenote_category":0},"etheme_brands":[],"product_brand":[],"product_cat":[20],"product_tag":[],"class_list":{"0":"post-1943","1":"product","2":"type-product","3":"status-publish","4":"has-post-thumbnail","6":"product_cat-sahkotakat","8":"first","9":"instock","10":"shipping-taxable","11":"purchasable","12":"product-type-simple"},"aioseo_notices":[],"_links":{"self":[{"href":"https:\/\/mgtre.fi\/en\/wp-json\/wp\/v2\/product\/1943","targetHints":{"allow":["GET"]}}],"collection":[{"href":"https:\/\/mgtre.fi\/en\/wp-json\/wp\/v2\/product"}],"about":[{"href":"https:\/\/mgtre.fi\/en\/wp-json\/wp\/v2\/types\/product"}],"replies":[{"embeddable":true,"href":"https:\/\/mgtre.fi\/en\/wp-json\/wp\/v2\/comments?post=1943"}],"wp:featuredmedia":[{"embeddable":true,"href":"https:\/\/mgtre.fi\/en\/wp-json\/wp\/v2\/media\/1944"}],"wp:attachment":[{"href":"https:\/\/mgtre.fi\/en\/wp-json\/wp\/v2\/media?parent=1943"}],"wp:term":[{"taxonomy":"brand","embeddable":true,"href":"https:\/\/mgtre.fi\/en\/wp-json\/wp\/v2\/etheme_brands?post=1943"},{"taxonomy":"product_brand","embeddable":true,"href":"https:\/\/mgtre.fi\/en\/wp-json\/wp\/v2\/product_brand?post=1943"},{"taxonomy":"product_cat","embeddable":true,"href":"https:\/\/mgtre.fi\/en\/wp-json\/wp\/v2\/product_cat?post=1943"},{"taxonomy":"product_tag","embeddable":true,"href":"https:\/\/mgtre.fi\/en\/wp-json\/wp\/v2\/product_tag?post=1943"}],"curies":[{"name":"wp","href":"https:\/\/api.w.org\/{rel}","templated":true}]}}