{"id":1939,"date":"2021-08-04T22:33:00","date_gmt":"2021-08-04T19:33:00","guid":{"rendered":"https:\/\/mgtre.fi\/?post_type=product&#038;p=1939"},"modified":"2021-08-04T22:33:00","modified_gmt":"2021-08-04T19:33:00","slug":"mozart-white","status":"publish","type":"product","link":"https:\/\/mgtre.fi\/en\/product\/mozart-white\/","title":{"rendered":"Mozart White"},"content":{"rendered":"<p>Hienot pystysuuntaiset viivat ja kiilt\u00e4v\u00e4 viimeistely laadukkaalla pianolakalla antavat Mozartille v\u00e4limerellisen ilmeen. S\u00e4hk\u00f6inen Optiflame -palo helpottaa t\u00e4m\u00e4n sisustuselementin sijoittamisen mihin tahansa sis\u00e4tiloihisi mukavamman tunnelman saavuttamiseksi : kartanosta asuinhuoneistoon, olohuoneesta ty\u00f6huoneeseen tai makuuhuoneeseen.<\/p>\n<ul>\n<li>Maalaistyylinen kiilt\u00e4v\u00e4 valkoinen<\/li>\n<li>Tumman marmorivaikutteinen takapaneeli ja koristeellinen viivakuvio<\/li>\n<li>Termostaatti, jonka l\u00e4mmitystehoa mahdollista s\u00e4\u00e4t\u00e4\u00e4<\/li>\n<\/ul>","protected":false},"excerpt":{"rendered":"<p>WxHxD mitat :\u00a085,7 x 92 x 37,5 cm<\/p>","protected":false},"featured_media":1940,"comment_status":"open","ping_status":"closed","template":"","meta":{"om_disable_all_campaigns":false,"_monsterinsights_skip_tracking":false,"_monsterinsights_sitenote_active":false,"_monsterinsights_sitenote_note":"","_monsterinsights_sitenote_category":0},"etheme_brands":[],"product_brand":[],"product_cat":[20],"product_tag":[],"class_list":{"0":"post-1939","1":"product","2":"type-product","3":"status-publish","4":"has-post-thumbnail","6":"product_cat-sahkotakat","8":"first","9":"instock","10":"shipping-taxable","11":"purchasable","12":"product-type-simple"},"aioseo_notices":[],"_links":{"self":[{"href":"https:\/\/mgtre.fi\/en\/wp-json\/wp\/v2\/product\/1939","targetHints":{"allow":["GET"]}}],"collection":[{"href":"https:\/\/mgtre.fi\/en\/wp-json\/wp\/v2\/product"}],"about":[{"href":"https:\/\/mgtre.fi\/en\/wp-json\/wp\/v2\/types\/product"}],"replies":[{"embeddable":true,"href":"https:\/\/mgtre.fi\/en\/wp-json\/wp\/v2\/comments?post=1939"}],"wp:featuredmedia":[{"embeddable":true,"href":"https:\/\/mgtre.fi\/en\/wp-json\/wp\/v2\/media\/1940"}],"wp:attachment":[{"href":"https:\/\/mgtre.fi\/en\/wp-json\/wp\/v2\/media?parent=1939"}],"wp:term":[{"taxonomy":"brand","embeddable":true,"href":"https:\/\/mgtre.fi\/en\/wp-json\/wp\/v2\/etheme_brands?post=1939"},{"taxonomy":"product_brand","embeddable":true,"href":"https:\/\/mgtre.fi\/en\/wp-json\/wp\/v2\/product_brand?post=1939"},{"taxonomy":"product_cat","embeddable":true,"href":"https:\/\/mgtre.fi\/en\/wp-json\/wp\/v2\/product_cat?post=1939"},{"taxonomy":"product_tag","embeddable":true,"href":"https:\/\/mgtre.fi\/en\/wp-json\/wp\/v2\/product_tag?post=1939"}],"curies":[{"name":"wp","href":"https:\/\/api.w.org\/{rel}","templated":true}]}}