{"id":1931,"date":"2021-08-04T13:35:04","date_gmt":"2021-08-04T10:35:04","guid":{"rendered":"https:\/\/mgtre.fi\/?post_type=product&#038;p=1931"},"modified":"2024-03-01T15:15:32","modified_gmt":"2024-03-01T12:15:32","slug":"albany","status":"publish","type":"product","link":"https:\/\/mgtre.fi\/en\/product\/albany\/","title":{"rendered":"Albany"},"content":{"rendered":"<p>Dimplex Albany on s\u00e4hk\u00f6inen takka, jota voidaan asentaa sein\u00e4\u00e4n tai sis\u00e4\u00e4nrakennettuun takkaan. Albany on hiljainen toiminnassaan ja \u00a0Opti-Myst liekkiefekti luo mukavuutta ilmapiiriin. Mahdollisuudella s\u00e4\u00e4t\u00e4\u00e4 l\u00e4mmitystehoa voidaan saavuttaa kodikas ja l\u00e4mmin tunnelma ilman ylikuumennusta.<\/p>\n<ul>\n<li>Nykyaikainen s\u00e4hk\u00f6inen takka asennettavaksi r\u00e4\u00e4t\u00e4l\u00f6ityyn runkoon tai sein\u00e4\u00e4n<\/li>\n<li>Luo realistisen liekkiefektin yhden napin painalluksella<\/li>\n<li>Log set sis\u00e4ltyy<\/li>\n<li>Liekkiefekti\u00e4 voidaan k\u00e4ytt\u00e4\u00e4 my\u00f6s ilman l\u00e4mmitystehoa, jotta voit nauttia takasta ymp\u00e4ri vuoden!<\/li>\n<\/ul>","protected":false},"excerpt":{"rendered":"<p>WxHxD mitat : 64 x 70.3 x 30 cm<\/p>","protected":false},"featured_media":1932,"comment_status":"open","ping_status":"closed","template":"","meta":{"om_disable_all_campaigns":false,"_monsterinsights_skip_tracking":false,"_monsterinsights_sitenote_active":false,"_monsterinsights_sitenote_note":"","_monsterinsights_sitenote_category":0},"etheme_brands":[],"product_brand":[],"product_cat":[20],"product_tag":[],"class_list":{"0":"post-1931","1":"product","2":"type-product","3":"status-publish","4":"has-post-thumbnail","6":"product_cat-sahkotakat","8":"first","9":"instock","10":"shipping-taxable","11":"purchasable","12":"product-type-simple"},"aioseo_notices":[],"_links":{"self":[{"href":"https:\/\/mgtre.fi\/en\/wp-json\/wp\/v2\/product\/1931","targetHints":{"allow":["GET"]}}],"collection":[{"href":"https:\/\/mgtre.fi\/en\/wp-json\/wp\/v2\/product"}],"about":[{"href":"https:\/\/mgtre.fi\/en\/wp-json\/wp\/v2\/types\/product"}],"replies":[{"embeddable":true,"href":"https:\/\/mgtre.fi\/en\/wp-json\/wp\/v2\/comments?post=1931"}],"wp:featuredmedia":[{"embeddable":true,"href":"https:\/\/mgtre.fi\/en\/wp-json\/wp\/v2\/media\/1932"}],"wp:attachment":[{"href":"https:\/\/mgtre.fi\/en\/wp-json\/wp\/v2\/media?parent=1931"}],"wp:term":[{"taxonomy":"brand","embeddable":true,"href":"https:\/\/mgtre.fi\/en\/wp-json\/wp\/v2\/etheme_brands?post=1931"},{"taxonomy":"product_brand","embeddable":true,"href":"https:\/\/mgtre.fi\/en\/wp-json\/wp\/v2\/product_brand?post=1931"},{"taxonomy":"product_cat","embeddable":true,"href":"https:\/\/mgtre.fi\/en\/wp-json\/wp\/v2\/product_cat?post=1931"},{"taxonomy":"product_tag","embeddable":true,"href":"https:\/\/mgtre.fi\/en\/wp-json\/wp\/v2\/product_tag?post=1931"}],"curies":[{"name":"wp","href":"https:\/\/api.w.org\/{rel}","templated":true}]}}