{"id":1927,"date":"2021-08-04T00:41:51","date_gmt":"2021-08-03T21:41:51","guid":{"rendered":"https:\/\/mgtre.fi\/?post_type=product&#038;p=1927"},"modified":"2024-03-03T00:05:28","modified_gmt":"2024-03-02T21:05:28","slug":"opti-v-double","status":"publish","type":"product","link":"https:\/\/mgtre.fi\/en\/product\/opti-v-double\/","title":{"rendered":"Opti-V Double"},"content":{"rendered":"<p>Moderni, sein\u00e4\u00e4n tai muuhun r\u00e4\u00e4t\u00e4l\u00f6ityyn koteloon sijoitettu takka, jossa on ainutlaatuinen, t\u00e4ydellinen ja voimakas Opti-Virtual palokokemus, jonka Dimplex on kehitt\u00e4nyt.<\/p>\n<p>Eritt\u00e4in realistinen v\u00e4lkkyv\u00e4 liekkiefekti, hyppiv\u00e4t kipin\u00e4t hehkeist\u00e4 puista ja paloefekti. Takka on t\u00e4ysin paloturvallinen ja huoltovapaa, mik\u00e4 tekee siit\u00e4 t\u00e4ydellisen lis\u00e4yksen julkiseen tai yksityiseen tilaan.<\/p>\n<p>Saatavana my\u00f6s pienemp\u00e4n\u00e4 Opti-Virtual Single- versiona.<\/p>\n<p>&nbsp;<\/p>\n<ul>\n<li>Sekoitettu 3D tekniikka luo h\u00e4ik\u00e4isevi\u00e4 liekkej\u00e4<\/li>\n<li>Ultra realistinen log set, jossa on hehkuvat LED-valot<\/li>\n<li>Satunnainen kipin\u00e4vaikutus lis\u00e4\u00e4 realistisuutta<\/li>\n<li>Sis\u00e4\u00e4nrakennettu crackle-\u00e4\u00e4ni takaa aidon kokemuksen<\/li>\n<li>L\u00e4mmitt\u00f6m\u00e4n liekin ansiosta p\u00e4\u00e4set nauttimaan tulen tunnelmasta ymp\u00e4ri vuoden<\/li>\n<\/ul>","protected":false},"excerpt":{"rendered":"<p>WxHxD mitat :\u00a0135,6 x 45 x 34,5 cm<\/p>","protected":false},"featured_media":1928,"comment_status":"open","ping_status":"closed","template":"","meta":{"om_disable_all_campaigns":false,"_monsterinsights_skip_tracking":false,"_monsterinsights_sitenote_active":false,"_monsterinsights_sitenote_note":"","_monsterinsights_sitenote_category":0},"etheme_brands":[],"product_brand":[],"product_cat":[20],"product_tag":[],"class_list":{"0":"post-1927","1":"product","2":"type-product","3":"status-publish","4":"has-post-thumbnail","6":"product_cat-sahkotakat","8":"first","9":"instock","10":"shipping-taxable","11":"purchasable","12":"product-type-simple"},"aioseo_notices":[],"_links":{"self":[{"href":"https:\/\/mgtre.fi\/en\/wp-json\/wp\/v2\/product\/1927","targetHints":{"allow":["GET"]}}],"collection":[{"href":"https:\/\/mgtre.fi\/en\/wp-json\/wp\/v2\/product"}],"about":[{"href":"https:\/\/mgtre.fi\/en\/wp-json\/wp\/v2\/types\/product"}],"replies":[{"embeddable":true,"href":"https:\/\/mgtre.fi\/en\/wp-json\/wp\/v2\/comments?post=1927"}],"wp:featuredmedia":[{"embeddable":true,"href":"https:\/\/mgtre.fi\/en\/wp-json\/wp\/v2\/media\/1928"}],"wp:attachment":[{"href":"https:\/\/mgtre.fi\/en\/wp-json\/wp\/v2\/media?parent=1927"}],"wp:term":[{"taxonomy":"brand","embeddable":true,"href":"https:\/\/mgtre.fi\/en\/wp-json\/wp\/v2\/etheme_brands?post=1927"},{"taxonomy":"product_brand","embeddable":true,"href":"https:\/\/mgtre.fi\/en\/wp-json\/wp\/v2\/product_brand?post=1927"},{"taxonomy":"product_cat","embeddable":true,"href":"https:\/\/mgtre.fi\/en\/wp-json\/wp\/v2\/product_cat?post=1927"},{"taxonomy":"product_tag","embeddable":true,"href":"https:\/\/mgtre.fi\/en\/wp-json\/wp\/v2\/product_tag?post=1927"}],"curies":[{"name":"wp","href":"https:\/\/api.w.org\/{rel}","templated":true}]}}