{"id":1917,"date":"2021-08-03T23:48:19","date_gmt":"2021-08-03T20:48:19","guid":{"rendered":"https:\/\/mgtre.fi\/?post_type=product&#038;p=1917"},"modified":"2021-08-03T23:48:20","modified_gmt":"2021-08-03T20:48:20","slug":"engine-68-400","status":"publish","type":"product","link":"https:\/\/mgtre.fi\/en\/product\/engine-68-400\/","title":{"rendered":"Engine 68-400"},"content":{"rendered":"<p>Laadukas takka sein\u00e4\u00e4n tai ymp\u00e4r\u00f6iv\u00e4\u00e4n tilaan juuri siell\u00e4 miss\u00e4 haluat ja jo valmiiksi oman maun mukaan? T\u00e4m\u00e4 voi tulla todelliseksi Dimplex Engine- mallilla! \u00a0Vallankumouksellinen Opti-Myst liekkiefekti ja termostaattinen l\u00e4mmitin.<\/p>\n<p>&nbsp;<\/p>\n<ul>\n<li>24\/7 ajastimen ansiosta takkasi on valmis ottamaan sinut vastaan milloin tahansa kodikkaassa ilmapiiriss\u00e4<\/li>\n<li>Koonsa ansiosta sopii sinne, minne useammat takat eiv\u00e4t<\/li>\n<li>Takapaneeli varustettu tiilisein\u00e4ll\u00e4<\/li>\n<li>Helposti t\u00e4ytett\u00e4v\u00e4 vesis\u00e4ili\u00f6, joka tarjoaa 8-10 tunnin k\u00e4ytt\u00f6ajan ennen uudelleen t\u00e4ytt\u00e4mist\u00e4<\/li>\n<li>T\u00e4ysin paloturvallinen<\/li>\n<\/ul>\n<p>&nbsp;<\/p>","protected":false},"excerpt":{"rendered":"<p>WxHxD mitat : 49 x 82.5 x 25.5 cm<\/p>","protected":false},"featured_media":1919,"comment_status":"open","ping_status":"closed","template":"","meta":{"om_disable_all_campaigns":false,"_monsterinsights_skip_tracking":false,"_monsterinsights_sitenote_active":false,"_monsterinsights_sitenote_note":"","_monsterinsights_sitenote_category":0},"etheme_brands":[],"product_brand":[],"product_cat":[20],"product_tag":[],"class_list":{"0":"post-1917","1":"product","2":"type-product","3":"status-publish","4":"has-post-thumbnail","6":"product_cat-sahkotakat","8":"first","9":"instock","10":"shipping-taxable","11":"purchasable","12":"product-type-simple"},"aioseo_notices":[],"_links":{"self":[{"href":"https:\/\/mgtre.fi\/en\/wp-json\/wp\/v2\/product\/1917","targetHints":{"allow":["GET"]}}],"collection":[{"href":"https:\/\/mgtre.fi\/en\/wp-json\/wp\/v2\/product"}],"about":[{"href":"https:\/\/mgtre.fi\/en\/wp-json\/wp\/v2\/types\/product"}],"replies":[{"embeddable":true,"href":"https:\/\/mgtre.fi\/en\/wp-json\/wp\/v2\/comments?post=1917"}],"wp:featuredmedia":[{"embeddable":true,"href":"https:\/\/mgtre.fi\/en\/wp-json\/wp\/v2\/media\/1919"}],"wp:attachment":[{"href":"https:\/\/mgtre.fi\/en\/wp-json\/wp\/v2\/media?parent=1917"}],"wp:term":[{"taxonomy":"brand","embeddable":true,"href":"https:\/\/mgtre.fi\/en\/wp-json\/wp\/v2\/etheme_brands?post=1917"},{"taxonomy":"product_brand","embeddable":true,"href":"https:\/\/mgtre.fi\/en\/wp-json\/wp\/v2\/product_brand?post=1917"},{"taxonomy":"product_cat","embeddable":true,"href":"https:\/\/mgtre.fi\/en\/wp-json\/wp\/v2\/product_cat?post=1917"},{"taxonomy":"product_tag","embeddable":true,"href":"https:\/\/mgtre.fi\/en\/wp-json\/wp\/v2\/product_tag?post=1917"}],"curies":[{"name":"wp","href":"https:\/\/api.w.org\/{rel}","templated":true}]}}