{"id":1887,"date":"2021-08-02T15:34:36","date_gmt":"2021-08-02T12:34:36","guid":{"rendered":"https:\/\/mgtre.fi\/?post_type=product&#038;p=1887"},"modified":"2021-08-02T15:38:47","modified_gmt":"2021-08-02T12:38:47","slug":"vivente-100","status":"publish","type":"product","link":"https:\/\/mgtre.fi\/en\/product\/vivente-100\/","title":{"rendered":"Vivente 100"},"content":{"rendered":"<p>Vivente on Dimplex Firesin uusin s\u00e4hk\u00f6isten liekkien innovaatio. T\u00e4m\u00e4 takka on mitoitettu erilaisiin sisustusratkaisuihin sek\u00e4 pienimmiss\u00e4, ett\u00e4 suurimmissa julkisissa tai yksityisiss\u00e4 tiloissa.<\/p>\n<p><strong>Saatavana 75, 100 ja 150 cm leveydess\u00e4\u00a0<\/strong><\/p>\n<p>Heijastusta est\u00e4v\u00e4 lasi varmistaa sen, ett\u00e4 p\u00e4\u00e4set katsomaan upeaa tulikuvaa optimaalisesti. Revillusion-palovaikutuksen ansiosta Vivente n\u00e4ytt\u00e4\u00e4 kaksi kertaa syvemm\u00e4lt\u00e4 kuin perinteiset s\u00e4hk\u00f6takat.<\/p>\n<p>Vivente mahdollistaa my\u00f6s tulipes\u00e4n v\u00e4rin vaihtamisen sisustusteemasi ja makusi mukaan!<\/p>\n<ul>\n<li>3 asennusvaihtoehtoa : 3 kokoa, 1-,2- tai 3- puolinen koristetakka<\/li>\n<li>Revillusion- palovaikutus kaksinkertaistaa tulisijan visuaalisen syvyyden<\/li>\n<li>Mahdollista ohjata Flame Connect &#8211; sovelluksen avulla<\/li>\n<li>Mielivalaistusteemat : 8 sis\u00e4\u00e4nrakennettua ymp\u00e4rist\u00f6n valaistusteemaa, joita mahdollista mukauttaa mielesi mukaan sovelluksen kautta<\/li>\n<li>V\u00e4ri\u00e4 muuttavat liekkiefektit<\/li>\n<li>Nelj\u00e4n takapaneelin vaihtoehtoa sisustukseesi sopivaksi<\/li>\n<li>Heijastamaton lasi<\/li>\n<li>Todellisen liekin r\u00e4tisev\u00e4 \u00e4\u00e4nitehoste<\/li>\n<li>Energiatehokas 1,5 kW:n l\u00e4mmitin<\/li>\n<li>SmartSense- tekniikka<\/li>\n<li>7 p\u00e4iv\u00e4n ohjelmoitava ajastin<\/li>\n<\/ul>","protected":false},"excerpt":{"rendered":"<p>WxHxD mitat: 104 x 66,5 x 30,7 cm<\/p>","protected":false},"featured_media":1889,"comment_status":"open","ping_status":"closed","template":"","meta":{"om_disable_all_campaigns":false,"_monsterinsights_skip_tracking":false,"_monsterinsights_sitenote_active":false,"_monsterinsights_sitenote_note":"","_monsterinsights_sitenote_category":0},"etheme_brands":[],"product_brand":[],"product_cat":[20],"product_tag":[],"class_list":{"0":"post-1887","1":"product","2":"type-product","3":"status-publish","4":"has-post-thumbnail","6":"product_cat-sahkotakat","8":"first","9":"instock","10":"shipping-taxable","11":"purchasable","12":"product-type-simple"},"aioseo_notices":[],"_links":{"self":[{"href":"https:\/\/mgtre.fi\/en\/wp-json\/wp\/v2\/product\/1887","targetHints":{"allow":["GET"]}}],"collection":[{"href":"https:\/\/mgtre.fi\/en\/wp-json\/wp\/v2\/product"}],"about":[{"href":"https:\/\/mgtre.fi\/en\/wp-json\/wp\/v2\/types\/product"}],"replies":[{"embeddable":true,"href":"https:\/\/mgtre.fi\/en\/wp-json\/wp\/v2\/comments?post=1887"}],"wp:featuredmedia":[{"embeddable":true,"href":"https:\/\/mgtre.fi\/en\/wp-json\/wp\/v2\/media\/1889"}],"wp:attachment":[{"href":"https:\/\/mgtre.fi\/en\/wp-json\/wp\/v2\/media?parent=1887"}],"wp:term":[{"taxonomy":"brand","embeddable":true,"href":"https:\/\/mgtre.fi\/en\/wp-json\/wp\/v2\/etheme_brands?post=1887"},{"taxonomy":"product_brand","embeddable":true,"href":"https:\/\/mgtre.fi\/en\/wp-json\/wp\/v2\/product_brand?post=1887"},{"taxonomy":"product_cat","embeddable":true,"href":"https:\/\/mgtre.fi\/en\/wp-json\/wp\/v2\/product_cat?post=1887"},{"taxonomy":"product_tag","embeddable":true,"href":"https:\/\/mgtre.fi\/en\/wp-json\/wp\/v2\/product_tag?post=1887"}],"curies":[{"name":"wp","href":"https:\/\/api.w.org\/{rel}","templated":true}]}}