{"id":1820,"date":"2021-08-01T14:56:20","date_gmt":"2021-08-01T11:56:20","guid":{"rendered":"https:\/\/mgtre.fi\/?post_type=product&#038;p=1820"},"modified":"2024-03-02T23:29:03","modified_gmt":"2024-03-02T20:29:03","slug":"casette-l-pebbles","status":"publish","type":"product","link":"https:\/\/mgtre.fi\/en\/product\/casette-l-pebbles\/","title":{"rendered":"Casette L Pebbles"},"content":{"rendered":"<p>Casette L Pebbles on osa Dimplex Casette-sarjaa, jota tunnetaan ainutlaatuisesta, vapaasti kelluvista liekist\u00e4 ja savuvaikutuksesta, mutta nyt sisustettu valkoisilla pikkukivill\u00e4.<\/p>\n<p>Helppo asentaa r\u00e4\u00e4t\u00e4l\u00f6ityihin sisustusprojekteihin, edellytt\u00e4\u00e4 vain pistorasian. Liekit on valmistettu kylm\u00e4st\u00e4 vesih\u00f6yryst\u00e4 ja valosta, mik\u00e4 tekee siit\u00e4 turvallisen ja savuttoman. Valo antaa hyvin koristeellisen vaikutuksen valkoisiin pikkukiviin. Vesis\u00e4ili\u00f6 voidaan t\u00e4ytt\u00e4\u00e4 edest\u00e4, mik\u00e4 on eritt\u00e4in k\u00e4tev\u00e4\u00e4 k\u00e4ytett\u00e4ess\u00e4 sit\u00e4 usein.<\/p>\n<ul>\n<li>\u00a0Soveltuu asennusprojekteihin sek\u00e4 my\u00f6s jo r\u00e4\u00e4t\u00e4l\u00f6ityihin runkoihin tai takkaan<\/li>\n<li>Helposti t\u00e4ytett\u00e4v\u00e4 vesis\u00e4ili\u00f6, joka tarjoaa 8-10 tunnin jatkun k\u00e4yt\u00f6n ennen uudelleen t\u00e4ytt\u00e4mist\u00e4<\/li>\n<li>Vesis\u00e4ili\u00f6n voi helposti t\u00e4ytt\u00e4\u00e4 etupuolella olevan laatikon kautta<\/li>\n<li>N\u00e4kym\u00e4 tulelle nelj\u00e4lt\u00e4 eri puolelta<\/li>\n<li>Sisustettu valkoisilla kivill\u00e4, jotka sis\u00e4ltyv\u00e4t mukaan<\/li>\n<\/ul>","protected":false},"excerpt":{"rendered":"<p>WxHxD mitat : 72 x 35,6 x 20 cm<\/p>","protected":false},"featured_media":1822,"comment_status":"open","ping_status":"closed","template":"","meta":{"om_disable_all_campaigns":false,"_monsterinsights_skip_tracking":false,"_monsterinsights_sitenote_active":false,"_monsterinsights_sitenote_note":"","_monsterinsights_sitenote_category":0},"etheme_brands":[],"product_brand":[],"product_cat":[20],"product_tag":[],"class_list":{"0":"post-1820","1":"product","2":"type-product","3":"status-publish","4":"has-post-thumbnail","6":"product_cat-sahkotakat","8":"first","9":"instock","10":"shipping-taxable","11":"purchasable","12":"product-type-simple"},"aioseo_notices":[],"_links":{"self":[{"href":"https:\/\/mgtre.fi\/en\/wp-json\/wp\/v2\/product\/1820","targetHints":{"allow":["GET"]}}],"collection":[{"href":"https:\/\/mgtre.fi\/en\/wp-json\/wp\/v2\/product"}],"about":[{"href":"https:\/\/mgtre.fi\/en\/wp-json\/wp\/v2\/types\/product"}],"replies":[{"embeddable":true,"href":"https:\/\/mgtre.fi\/en\/wp-json\/wp\/v2\/comments?post=1820"}],"wp:featuredmedia":[{"embeddable":true,"href":"https:\/\/mgtre.fi\/en\/wp-json\/wp\/v2\/media\/1822"}],"wp:attachment":[{"href":"https:\/\/mgtre.fi\/en\/wp-json\/wp\/v2\/media?parent=1820"}],"wp:term":[{"taxonomy":"brand","embeddable":true,"href":"https:\/\/mgtre.fi\/en\/wp-json\/wp\/v2\/etheme_brands?post=1820"},{"taxonomy":"product_brand","embeddable":true,"href":"https:\/\/mgtre.fi\/en\/wp-json\/wp\/v2\/product_brand?post=1820"},{"taxonomy":"product_cat","embeddable":true,"href":"https:\/\/mgtre.fi\/en\/wp-json\/wp\/v2\/product_cat?post=1820"},{"taxonomy":"product_tag","embeddable":true,"href":"https:\/\/mgtre.fi\/en\/wp-json\/wp\/v2\/product_tag?post=1820"}],"curies":[{"name":"wp","href":"https:\/\/api.w.org\/{rel}","templated":true}]}}