{"id":1810,"date":"2021-08-01T14:20:15","date_gmt":"2021-08-01T11:20:15","guid":{"rendered":"https:\/\/mgtre.fi\/?post_type=product&#038;p=1810"},"modified":"2021-08-01T14:29:15","modified_gmt":"2021-08-01T11:29:15","slug":"casette-1000-projects","status":"publish","type":"product","link":"https:\/\/mgtre.fi\/en\/product\/casette-1000-projects\/","title":{"rendered":"Casette 1000 Projects"},"content":{"rendered":"<p>Casette 1000 Projects &#8211; t\u00e4ydellinen takka ilman tuuletusta ja l\u00e4mp\u00f6\u00e4. Realistisilta vaikuttavat liekit muodostuvat puhtaasta vesih\u00f6yryst\u00e4 ja LED- valosta, mink\u00e4 ansiosta niihin voi turvallisesti koskea.<\/p>\n<p>Opti-Myst- kasettimallit m\u00e4\u00e4rittelev\u00e4t s\u00e4hk\u00f6isen takan uudelleen ja luovat vallankumouksellisen realistisen palo-ominaisuuden, joka tekee siit\u00e4 ainutlaatuisen sisustuselementin haluamasi tilaan.<\/p>\n<ul>\n<li>Projects-versio ei vaadi s\u00e4\u00e4nn\u00f6llist\u00e4 veden t\u00e4ytt\u00f6\u00e4 sen pysyv\u00e4n vesiliit\u00e4nn\u00e4n ansiosta.<\/li>\n<li>Mahdollista asentaa melkein minne tahansa<\/li>\n<li>T\u00e4ysin paloturvallinen ja helppok\u00e4ytt\u00f6inen<\/li>\n<li>Ohjaus mahdollinen kaukos\u00e4\u00e4timell\u00e4<\/li>\n<\/ul>","protected":false},"excerpt":{"rendered":"<p>WxHxD mitat : 101 x 30 x 20 cm<\/p>","protected":false},"featured_media":1819,"comment_status":"open","ping_status":"closed","template":"","meta":{"om_disable_all_campaigns":false,"_monsterinsights_skip_tracking":false,"_monsterinsights_sitenote_active":false,"_monsterinsights_sitenote_note":"","_monsterinsights_sitenote_category":0},"etheme_brands":[],"product_brand":[],"product_cat":[20],"product_tag":[],"class_list":{"0":"post-1810","1":"product","2":"type-product","3":"status-publish","4":"has-post-thumbnail","6":"product_cat-sahkotakat","8":"first","9":"instock","10":"shipping-taxable","11":"purchasable","12":"product-type-simple"},"aioseo_notices":[],"_links":{"self":[{"href":"https:\/\/mgtre.fi\/en\/wp-json\/wp\/v2\/product\/1810","targetHints":{"allow":["GET"]}}],"collection":[{"href":"https:\/\/mgtre.fi\/en\/wp-json\/wp\/v2\/product"}],"about":[{"href":"https:\/\/mgtre.fi\/en\/wp-json\/wp\/v2\/types\/product"}],"replies":[{"embeddable":true,"href":"https:\/\/mgtre.fi\/en\/wp-json\/wp\/v2\/comments?post=1810"}],"wp:featuredmedia":[{"embeddable":true,"href":"https:\/\/mgtre.fi\/en\/wp-json\/wp\/v2\/media\/1819"}],"wp:attachment":[{"href":"https:\/\/mgtre.fi\/en\/wp-json\/wp\/v2\/media?parent=1810"}],"wp:term":[{"taxonomy":"brand","embeddable":true,"href":"https:\/\/mgtre.fi\/en\/wp-json\/wp\/v2\/etheme_brands?post=1810"},{"taxonomy":"product_brand","embeddable":true,"href":"https:\/\/mgtre.fi\/en\/wp-json\/wp\/v2\/product_brand?post=1810"},{"taxonomy":"product_cat","embeddable":true,"href":"https:\/\/mgtre.fi\/en\/wp-json\/wp\/v2\/product_cat?post=1810"},{"taxonomy":"product_tag","embeddable":true,"href":"https:\/\/mgtre.fi\/en\/wp-json\/wp\/v2\/product_tag?post=1810"}],"curies":[{"name":"wp","href":"https:\/\/api.w.org\/{rel}","templated":true}]}}