{"id":1501,"date":"2021-07-26T19:23:55","date_gmt":"2021-07-26T16:23:55","guid":{"rendered":"https:\/\/mgtre.fi\/?post_type=product&#038;p=1501"},"modified":"2023-10-16T18:43:08","modified_gmt":"2023-10-16T15:43:08","slug":"3-step-opti-myst","status":"publish","type":"product","link":"https:\/\/mgtre.fi\/en\/product\/3-step-opti-myst\/","title":{"rendered":"3 Step Opti-Myst"},"content":{"rendered":"<p>3 Step Opti-Myst on moderni, huippulaadukas s\u00e4hk\u00f6takka! S\u00e4hk\u00f6takassa on aidonn\u00e4k\u00f6inen vesih\u00f6yryll\u00e4 toimiva tuliefekti ja uskomattoman todenmukainen, patentoitu kolmiulotteisen liekin vaikutus. S\u00e4hk\u00f6takka luo tulen ja savun illuusion.<\/p>\n<p>Voit nauttia tulen tunnelmasta l\u00e4mmittimell\u00e4 tai ilman. S\u00e4hk\u00f6takka sis\u00e4lt\u00e4\u00e4 tehokkaan termostaattiohjatun fan-forced -l\u00e4mmittimen. L\u00e4mmitin on suunniteltu tarvittaessa l\u00e4mmitt\u00e4m\u00e4\u00e4n noin 35 neli\u00f6metrin huoneen. S\u00e4hk\u00f6takka on turvallinen ja helposti asennettava sein\u00e4\u00e4 vasten.<\/p>\n<p>Opti-Myst -teknologia luo liekki- ja savuefektin. S\u00e4hk\u00f6takka on nopea ja tehokas l\u00e4mmitin pieniin tiloihin.<\/p>\n<p>Aidonoloiset Opti-Myst 3D-liekki-, savu- ja \u00e4\u00e4niefektit ovat\u00a0paloturvallisia. Ohjaus tapahtuu kaukos\u00e4\u00e4timen avulla.<\/p>\n<p>Mukavuutta ja nautintoa ymp\u00e4ri vuoden!<\/p>","protected":false},"excerpt":{"rendered":"<p>mitat : 73,2 x 74,9 x 35 cm<\/p>","protected":false},"featured_media":1503,"comment_status":"open","ping_status":"closed","template":"","meta":{"om_disable_all_campaigns":false,"_monsterinsights_skip_tracking":false,"_monsterinsights_sitenote_active":false,"_monsterinsights_sitenote_note":"","_monsterinsights_sitenote_category":0},"etheme_brands":[],"product_brand":[],"product_cat":[20],"product_tag":[],"class_list":{"0":"post-1501","1":"product","2":"type-product","3":"status-publish","4":"has-post-thumbnail","6":"product_cat-sahkotakat","8":"first","9":"instock","10":"shipping-taxable","11":"purchasable","12":"product-type-simple"},"aioseo_notices":[],"_links":{"self":[{"href":"https:\/\/mgtre.fi\/en\/wp-json\/wp\/v2\/product\/1501","targetHints":{"allow":["GET"]}}],"collection":[{"href":"https:\/\/mgtre.fi\/en\/wp-json\/wp\/v2\/product"}],"about":[{"href":"https:\/\/mgtre.fi\/en\/wp-json\/wp\/v2\/types\/product"}],"replies":[{"embeddable":true,"href":"https:\/\/mgtre.fi\/en\/wp-json\/wp\/v2\/comments?post=1501"}],"wp:featuredmedia":[{"embeddable":true,"href":"https:\/\/mgtre.fi\/en\/wp-json\/wp\/v2\/media\/1503"}],"wp:attachment":[{"href":"https:\/\/mgtre.fi\/en\/wp-json\/wp\/v2\/media?parent=1501"}],"wp:term":[{"taxonomy":"brand","embeddable":true,"href":"https:\/\/mgtre.fi\/en\/wp-json\/wp\/v2\/etheme_brands?post=1501"},{"taxonomy":"product_brand","embeddable":true,"href":"https:\/\/mgtre.fi\/en\/wp-json\/wp\/v2\/product_brand?post=1501"},{"taxonomy":"product_cat","embeddable":true,"href":"https:\/\/mgtre.fi\/en\/wp-json\/wp\/v2\/product_cat?post=1501"},{"taxonomy":"product_tag","embeddable":true,"href":"https:\/\/mgtre.fi\/en\/wp-json\/wp\/v2\/product_tag?post=1501"}],"curies":[{"name":"wp","href":"https:\/\/api.w.org\/{rel}","templated":true}]}}