{"id":267,"date":"2021-05-11T17:09:12","date_gmt":"2021-05-11T14:09:12","guid":{"rendered":"http:\/\/localhost\/mgtre\/?page_id=267"},"modified":"2022-06-06T17:01:45","modified_gmt":"2022-06-06T14:01:45","slug":"meista","status":"publish","type":"page","link":"https:\/\/mgtre.fi\/en\/meista\/","title":{"rendered":"Meist\u00e4"},"content":{"rendered":"<div data-elementor-type=\"wp-page\" data-elementor-id=\"267\" class=\"elementor elementor-267\">\n\t\t\t\t\t\t<section class=\"elementor-section elementor-top-section elementor-element elementor-element-cc89d37 elementor-section-full_width elementor-section-height-full elementor-section-stretched elementor-section-height-default elementor-section-items-middle\" data-id=\"cc89d37\" data-element_type=\"section\" data-settings=\"{&quot;stretch_section&quot;:&quot;section-stretched&quot;,&quot;background_background&quot;:&quot;classic&quot;}\">\n\t\t\t\t\t\t<div class=\"elementor-container elementor-column-gap-default\">\n\t\t\t\t\t<div class=\"elementor-column elementor-col-100 elementor-top-column elementor-element elementor-element-1024810\" data-id=\"1024810\" data-element_type=\"column\">\n\t\t\t<div class=\"elementor-widget-wrap elementor-element-populated\">\n\t\t\t\t\t\t<div class=\"elementor-element elementor-element-31751d4 elementor-drop-cap-yes elementor-drop-cap-view-default elementor-widget elementor-widget-text-editor\" data-id=\"31751d4\" data-element_type=\"widget\" data-settings=\"{&quot;drop_cap&quot;:&quot;yes&quot;}\" data-widget_type=\"text-editor.default\">\n\t\t\t\t<div class=\"elementor-widget-container\">\n\t\t\t\t\t\t\t\t\t<p>MG TRE DESIGN on sisustustuotteiden, kuten sein\u00e4paneelien, sisustustakkojen ja muiden sisustuselementtien maahantuontiyritys. Meilt\u00e4 l\u00f6yd\u00e4t inspiroivia ja ainutlaatuisia sisustusideoita sek\u00e4 yksityisten ett\u00e4 julkisten tilojen sisustamiseksi. \u00a0 \u00a0\u00a0<\/p><p>Pyrimme jatkuvasti laajentamaan tuotevalikoimaamme ja tarjoamaan asiakkaillamme entist\u00e4 laajemman tuotevalikoiman. Tavoitteenamme on tuoda markkinoille uusia ja laadukkaita sisustustuotteita. P\u00e4\u00e4tuotteemme on 3D- sisustuspaneeli, joka on uudenlainen tuoteratkaisu sisustuksessa. Kyseess\u00e4 on innovatiivinen ja upea tuote, jolla p\u00e4\u00e4set sisustamaan tilasi helposti ja ekologisesti k\u00e4ytt\u00e4m\u00e4ll\u00e4 kipsi\u00e4 materiaalina. Lis\u00e4ksi valikoimassamme ovat uuden sukupolven Opti-Myst ja Opti-Virtual &#8211; s\u00e4hk\u00f6takkoja sek\u00e4 laaja valikoima biotakkoja. Edustamme Suomessa maailmantunnettuja tuotemerkkej\u00e4 kuten Glen Dimplex, GlammFire ja Bio-Blaze. Meid\u00e4n kautta on mahdollista saada my\u00f6s sisustussuunnittelijoiden palveluita.<\/p><p>Tervetuloa meille!<\/p>\t\t\t\t\t\t\t\t<\/div>\n\t\t\t\t<\/div>\n\t\t\t\t\t<\/div>\n\t\t<\/div>\n\t\t\t\t\t<\/div>\n\t\t<\/section>\n\t\t\t\t<\/div>","protected":false},"excerpt":{"rendered":"<p>MG TRE DESIGN on sisustustuotteiden, kuten sein\u00e4paneelien, sisustustakkojen ja muiden sisustuselementtien maahantuontiyritys. Meilt\u00e4 l\u00f6yd\u00e4t inspiroivia ja ainutlaatuisia sisustusideoita sek\u00e4 yksityisten ett\u00e4 julkisten tilojen sisustamiseksi. \u00a0&#8230;<\/p>","protected":false},"author":1,"featured_media":0,"parent":0,"menu_order":0,"comment_status":"closed","ping_status":"closed","template":"elementor_theme","meta":{"om_disable_all_campaigns":false,"_monsterinsights_skip_tracking":false,"_monsterinsights_sitenote_active":false,"_monsterinsights_sitenote_note":"","_monsterinsights_sitenote_category":0,"footnotes":""},"class_list":["post-267","page","type-page","status-publish","hentry"],"aioseo_notices":[],"_links":{"self":[{"href":"https:\/\/mgtre.fi\/en\/wp-json\/wp\/v2\/pages\/267","targetHints":{"allow":["GET"]}}],"collection":[{"href":"https:\/\/mgtre.fi\/en\/wp-json\/wp\/v2\/pages"}],"about":[{"href":"https:\/\/mgtre.fi\/en\/wp-json\/wp\/v2\/types\/page"}],"author":[{"embeddable":true,"href":"https:\/\/mgtre.fi\/en\/wp-json\/wp\/v2\/users\/1"}],"replies":[{"embeddable":true,"href":"https:\/\/mgtre.fi\/en\/wp-json\/wp\/v2\/comments?post=267"}],"version-history":[{"count":94,"href":"https:\/\/mgtre.fi\/en\/wp-json\/wp\/v2\/pages\/267\/revisions"}],"predecessor-version":[{"id":2593,"href":"https:\/\/mgtre.fi\/en\/wp-json\/wp\/v2\/pages\/267\/revisions\/2593"}],"wp:attachment":[{"href":"https:\/\/mgtre.fi\/en\/wp-json\/wp\/v2\/media?parent=267"}],"curies":[{"name":"wp","href":"https:\/\/api.w.org\/{rel}","templated":true}]}}