{"id":2431,"date":"2022-05-05T13:31:59","date_gmt":"2022-05-05T10:31:59","guid":{"rendered":"https:\/\/mgtre.fi\/?page_id=2431"},"modified":"2023-02-12T23:25:18","modified_gmt":"2023-02-12T20:25:18","slug":"decor","status":"publish","type":"page","link":"https:\/\/mgtre.fi\/en\/decor\/","title":{"rendered":"Decor"},"content":{"rendered":"<div data-elementor-type=\"wp-page\" data-elementor-id=\"2431\" class=\"elementor elementor-2431\">\n\t\t\t\t\t\t<section class=\"elementor-section elementor-top-section elementor-element elementor-element-f0dd138 elementor-section-stretched elementor-section-full_width elementor-section-height-default elementor-section-height-default\" data-id=\"f0dd138\" data-element_type=\"section\" data-settings=\"{&quot;stretch_section&quot;:&quot;section-stretched&quot;}\">\n\t\t\t\t\t\t<div class=\"elementor-container elementor-column-gap-default\">\n\t\t\t\t\t<div class=\"elementor-column elementor-col-100 elementor-top-column elementor-element elementor-element-a696afc\" data-id=\"a696afc\" data-element_type=\"column\">\n\t\t\t<div class=\"elementor-widget-wrap elementor-element-populated\">\n\t\t\t\t\t\t<div class=\"elementor-element elementor-element-a98febd elementor-widget elementor-widget-etheme_slider\" data-id=\"a98febd\" data-element_type=\"widget\" data-widget_type=\"etheme_slider.default\">\n\t\t\t\t<div class=\"elementor-widget-container\">\n\t\t\t\t\t\n\t\t<div class=\"swiper-entry et-slider  slider-3674 etheme-css\" data-css=\".slider-3674 .swiper-custom-left,  .slider-3674 .swiper-custom-right{color:#222 !important;background-color: #e1e1e1 !important} .slider-3674 .swiper-custom-left:hover,  .slider-3674 .swiper-custom-right:hover{background-color: #e1e1e1 !important}\">\n\t\t\t<div class=\"swiper-container\" data-centeredslides=\"1\" data-breakpoints=\"1\" data-xs-slides=\"1\" data-sm-slides=\"1\" data-md-slides=\"1\" data-lt-slides=\"1\" data-slides-per-view=\"1\" data-space=\"0\" data-autoplay=\"\" data-speed=\"300\" data-effect=\"slide\" data-loop=\"true\">\n\t\t\t\t<div class=\"et-loader swiper-lazy-preloader\"><\/div>\n\t\t\t\t<!-- Additional required wrapper -->\n\t\t\t\t<div class=\"swiper-wrapper\">\n\t\t\t\t\t<!-- Slides -->\n\t\t\t\t\t<div class=\"swiper-slide\">\t\t<div class=\"slider-item  fadeIn-slide slider-item-7515  elementor-repeater-item-8f591ce\" data-slide-id=\"7515\">\n\n\t\t\t\t\t\t\n\t\t\t<div class=\"container  justify-content-center align-items-center\">\n\n\t\t\t\t<div class=\"slide-content\">\n\n\t\t\t\t\t<h2 class=\"slide-title  animated\">JALKALISTAT<\/h2><h2 class=\"slide-subtitle  animated\"><\/h2>\n\t\t\t\t\t<div class=\"description animated\">\n\t\t\t\t\t\tTyylik\u00e4s kodin asuste lattian ja seinien v\u00e4liss\u00e4. Sopii jokaiseen sisustukseen. Listan takana on tila johtojen ja kaapeleiden piilottamiseksi.\n\t\t\n\t\t\t\t\t<\/div>\n\t\t\n\t\t\t\t\t\t\t\t\t\t\t<div onclick=\"window.location='https:\/\/mgtre.fi\/product-category\/jalkalistat\/'\" class=\"slide-button animated cursor-pointer\">\n\t\t\t\t\t\t\tOsta\t\t\t\t\t\t<\/div>\n\t\t\t\t\t\n\t\t\t\t<\/div> \n\t\t\t<\/div> \n\t   \t<\/div> \t    \n\t    <\/div><div class=\"swiper-slide\">\t\t<div class=\"slider-item  fadeIn-slide slider-item-9858  elementor-repeater-item-5c4f8ef\" data-slide-id=\"9858\">\n\n\t\t\t\t\t\t\n\t\t\t<div class=\"container  justify-content-center align-items-center\">\n\n\t\t\t\t<div class=\"slide-content\">\n\n\t\t\t\t\t<h2 class=\"slide-title  animated\">VERHOLAUDAT<\/h2><h2 class=\"slide-subtitle  animated\"><\/h2>\n\t\t\t\t\t<div class=\"description animated\">\n\t\t\t\t\t\tN\u00e4m\u00e4 listat ovat t\u00e4ydellinen ratkaisu ihmisille, jotka haluavat peitt\u00e4\u00e4 verhotangon, joka on usein ep\u00e4miellytt\u00e4v\u00e4 sisustuselementti. Erityisen profiloitu muoto mahdollistaa LED-valaistuksen asentamisen tuotteen takaosaan. Listat ovat vaihtoehto kipsilevylistoille, jotka vaativat paljon enemm\u00e4n resursseja ja aikaa.\t\t\n\t\t\t\t\t<\/div>\n\t\t\n\t\t\t\t\t\t\t\t\t\t\t<div onclick=\"window.location='https:\/\/mgtre.fi\/product-category\/reunalistat\/'\" class=\"slide-button animated cursor-pointer\">\n\t\t\t\t\t\t\tOSTA\t\t\t\t\t\t<\/div>\n\t\t\t\t\t\n\t\t\t\t<\/div> \n\t\t\t<\/div> \n\t   \t<\/div> \t    \n\t    <\/div><div class=\"swiper-slide\">\t\t<div class=\"slider-item  fadeIn-slide slider-item-1226  elementor-repeater-item-2c1e85f\" data-slide-id=\"1226\">\n\n\t\t\t\t\t\t\n\t\t\t<div class=\"container  justify-content-center align-items-center\">\n\n\t\t\t\t<div class=\"slide-content\">\n\n\t\t\t\t\t<h2 class=\"slide-title  animated\">KULMAT<\/h2><h2 class=\"slide-subtitle  animated\"><\/h2>\n\t\t\t\t\t<div class=\"description animated\">\n\t\t\t\t\t\tMardom Decorin koriste-elementeill\u00e4 t\u00e4ydenn\u00e4t sisustuksesi suunnittelua. Kulmat, koristeet ja reunukset on valmistettu vedenpit\u00e4v\u00e4st\u00e4 ja kest\u00e4v\u00e4st\u00e4 ProFoam-materiaalista, jonka tiheys mahdollistaa syv\u00e4leikkauksen ja erottuvan koristelun. \t\t\n\t\t\t\t\t<\/div>\n\t\t\n\t\t\t\t\t\t\t\t\t\t\t<div onclick=\"window.location='https:\/\/mgtre.fi\/product-category\/kulmat\/'\" class=\"slide-button animated cursor-pointer\">\n\t\t\t\t\t\t\tOSTA\t\t\t\t\t\t<\/div>\n\t\t\t\t\t\n\t\t\t\t<\/div> \n\t\t\t<\/div> \n\t   \t<\/div> \t    \n\t    <\/div>\t\t\t\t<\/div>\n\t\t\t\t\t\t\t\t\t<div class=\"swiper-pagination swiper-nav\"><\/div>\n\t\t\t\t\t\t\t\t\t<div class=\"swiper-custom-left swiper-nav\"><\/div>\n\t\t\t\t\t<div class=\"swiper-custom-right swiper-nav\"><\/div>\n\t\t\t\t\t\t\t<\/div>\n\t\t<\/div>\n\n\t\t\t\t\t\t<\/div>\n\t\t\t\t<\/div>\n\t\t\t\t\t<\/div>\n\t\t<\/div>\n\t\t\t\t\t<\/div>\n\t\t<\/section>\n\t\t\t\t<section class=\"elementor-section elementor-top-section elementor-element elementor-element-29f8503 elementor-section-boxed elementor-section-height-default elementor-section-height-default\" data-id=\"29f8503\" data-element_type=\"section\">\n\t\t\t\t\t\t<div class=\"elementor-container elementor-column-gap-default\">\n\t\t\t\t\t<div class=\"elementor-column elementor-col-100 elementor-top-column elementor-element elementor-element-b3998e2\" data-id=\"b3998e2\" data-element_type=\"column\">\n\t\t\t<div class=\"elementor-widget-wrap elementor-element-populated\">\n\t\t\t\t\t\t<div class=\"elementor-element elementor-element-68655b7 elementor-position-left e-transform e-transform e-transform elementor-vertical-align-top elementor-invisible elementor-widget elementor-widget-image-box\" data-id=\"68655b7\" data-element_type=\"widget\" data-settings=\"{&quot;_animation&quot;:&quot;slideInLeft&quot;,&quot;_transform_translateX_effect&quot;:{&quot;unit&quot;:&quot;px&quot;,&quot;size&quot;:0,&quot;sizes&quot;:[]},&quot;_transform_skewX_effect&quot;:{&quot;unit&quot;:&quot;px&quot;,&quot;size&quot;:0,&quot;sizes&quot;:[]},&quot;_transform_skewY_effect&quot;:{&quot;unit&quot;:&quot;px&quot;,&quot;size&quot;:0,&quot;sizes&quot;:[]},&quot;_transform_rotateZ_effect&quot;:{&quot;unit&quot;:&quot;px&quot;,&quot;size&quot;:&quot;&quot;,&quot;sizes&quot;:[]},&quot;_transform_rotateZ_effect_tablet&quot;:{&quot;unit&quot;:&quot;deg&quot;,&quot;size&quot;:&quot;&quot;,&quot;sizes&quot;:[]},&quot;_transform_rotateZ_effect_mobile&quot;:{&quot;unit&quot;:&quot;deg&quot;,&quot;size&quot;:&quot;&quot;,&quot;sizes&quot;:[]},&quot;_transform_translateX_effect_tablet&quot;:{&quot;unit&quot;:&quot;px&quot;,&quot;size&quot;:&quot;&quot;,&quot;sizes&quot;:[]},&quot;_transform_translateX_effect_mobile&quot;:{&quot;unit&quot;:&quot;px&quot;,&quot;size&quot;:&quot;&quot;,&quot;sizes&quot;:[]},&quot;_transform_translateY_effect&quot;:{&quot;unit&quot;:&quot;px&quot;,&quot;size&quot;:&quot;&quot;,&quot;sizes&quot;:[]},&quot;_transform_translateY_effect_tablet&quot;:{&quot;unit&quot;:&quot;px&quot;,&quot;size&quot;:&quot;&quot;,&quot;sizes&quot;:[]},&quot;_transform_translateY_effect_mobile&quot;:{&quot;unit&quot;:&quot;px&quot;,&quot;size&quot;:&quot;&quot;,&quot;sizes&quot;:[]},&quot;_transform_skewX_effect_tablet&quot;:{&quot;unit&quot;:&quot;deg&quot;,&quot;size&quot;:&quot;&quot;,&quot;sizes&quot;:[]},&quot;_transform_skewX_effect_mobile&quot;:{&quot;unit&quot;:&quot;deg&quot;,&quot;size&quot;:&quot;&quot;,&quot;sizes&quot;:[]},&quot;_transform_skewY_effect_tablet&quot;:{&quot;unit&quot;:&quot;deg&quot;,&quot;size&quot;:&quot;&quot;,&quot;sizes&quot;:[]},&quot;_transform_skewY_effect_mobile&quot;:{&quot;unit&quot;:&quot;deg&quot;,&quot;size&quot;:&quot;&quot;,&quot;sizes&quot;:[]}}\" data-widget_type=\"image-box.default\">\n\t\t\t\t<div class=\"elementor-widget-container\">\n\t\t\t\t\t<div class=\"elementor-image-box-wrapper\"><figure class=\"elementor-image-box-img\"><img loading=\"lazy\" decoding=\"async\" width=\"955\" height=\"636\" src=\"https:\/\/mgtre.fi\/wp-content\/uploads\/2022\/07\/LightGuard.png\" class=\"attachment-full size-full wp-image-2618\" alt=\"LightGuard Technology\" srcset=\"https:\/\/mgtre.fi\/wp-content\/uploads\/2022\/07\/LightGuard.png 955w, https:\/\/mgtre.fi\/wp-content\/uploads\/2022\/07\/LightGuard-600x400.png 600w, https:\/\/mgtre.fi\/wp-content\/uploads\/2022\/07\/LightGuard-300x200.png 300w, https:\/\/mgtre.fi\/wp-content\/uploads\/2022\/07\/LightGuard-768x511.png 768w, https:\/\/mgtre.fi\/wp-content\/uploads\/2022\/07\/LightGuard-18x12.png 18w, https:\/\/mgtre.fi\/wp-content\/uploads\/2022\/07\/LightGuard-1x1.png 1w, https:\/\/mgtre.fi\/wp-content\/uploads\/2022\/07\/LightGuard-10x7.png 10w\" sizes=\"auto, (max-width: 955px) 100vw, 955px\" \/><\/figure><div class=\"elementor-image-box-content\"><h3 class=\"elementor-image-box-title\">LightGuard Technology<\/h3><p class=\"elementor-image-box-description\">LightGuard\u00ae teknologia on Mardon Decorin innovatiivinen konsepti, joka eliminoi\nkaikki LED-valaistukseen liittyv\u00e4t haitat. Suurin ongelma valonauhojen k\u00e4yt\u00f6ss\u00e4\noli valon n\u00e4kyvyys nauhan pinnan l\u00e4pi. T\u00e4m\u00e4 on luonnollinen ilmi\u00f6, joka vaikutti\nmerkitt\u00e4v\u00e4sti visuaaliseen tehosteeseen. Mardom Decor on ensimm\u00e4inen yritys\nmarkkinoilla, joka on onnistunut kehitt\u00e4m\u00e4\u00e4n j\u00e4rjestelm\u00e4n, joka eliminoi LED-valon\nn\u00e4kyvyyden nauhan pinnan l\u00e4pi.\nLightGuard takaa erinomaisen visuaalisen effektin k\u00e4ytett\u00e4ess\u00e4 LED-valoa.\nT\u00e4m\u00e4n ansiosta nauhaa ei tarvitse peitt\u00e4\u00e4 alumiiniteipill\u00e4, mik\u00e4 lyhent\u00e4\u00e4\nasennusaikaa jopa 80%<\/p><\/div><\/div>\t\t\t\t<\/div>\n\t\t\t\t<\/div>\n\t\t\t\t\t<\/div>\n\t\t<\/div>\n\t\t\t\t\t<\/div>\n\t\t<\/section>\n\t\t\t\t<section class=\"elementor-section elementor-top-section elementor-element elementor-element-7c67336 elementor-section-boxed elementor-section-height-default elementor-section-height-default\" data-id=\"7c67336\" data-element_type=\"section\">\n\t\t\t\t\t\t<div class=\"elementor-container elementor-column-gap-default\">\n\t\t\t\t\t<div class=\"elementor-column elementor-col-100 elementor-top-column elementor-element elementor-element-3738236\" data-id=\"3738236\" data-element_type=\"column\">\n\t\t\t<div class=\"elementor-widget-wrap elementor-element-populated\">\n\t\t\t\t\t\t<div class=\"elementor-element elementor-element-60edb97 elementor-position-right e-transform elementor-vertical-align-top elementor-invisible elementor-widget elementor-widget-image-box\" data-id=\"60edb97\" data-element_type=\"widget\" data-settings=\"{&quot;_animation&quot;:&quot;slideInRight&quot;,&quot;_transform_translateX_effect&quot;:{&quot;unit&quot;:&quot;px&quot;,&quot;size&quot;:&quot;&quot;,&quot;sizes&quot;:[]},&quot;_transform_translateX_effect_tablet&quot;:{&quot;unit&quot;:&quot;px&quot;,&quot;size&quot;:&quot;&quot;,&quot;sizes&quot;:[]},&quot;_transform_translateX_effect_mobile&quot;:{&quot;unit&quot;:&quot;px&quot;,&quot;size&quot;:&quot;&quot;,&quot;sizes&quot;:[]},&quot;_transform_translateY_effect&quot;:{&quot;unit&quot;:&quot;px&quot;,&quot;size&quot;:&quot;&quot;,&quot;sizes&quot;:[]},&quot;_transform_translateY_effect_tablet&quot;:{&quot;unit&quot;:&quot;px&quot;,&quot;size&quot;:&quot;&quot;,&quot;sizes&quot;:[]},&quot;_transform_translateY_effect_mobile&quot;:{&quot;unit&quot;:&quot;px&quot;,&quot;size&quot;:&quot;&quot;,&quot;sizes&quot;:[]}}\" data-widget_type=\"image-box.default\">\n\t\t\t\t<div class=\"elementor-widget-container\">\n\t\t\t\t\t<div class=\"elementor-image-box-wrapper\"><figure class=\"elementor-image-box-img\"><img loading=\"lazy\" decoding=\"async\" width=\"955\" height=\"720\" src=\"https:\/\/mgtre.fi\/wp-content\/uploads\/2022\/07\/1585300615995.jpg\" class=\"attachment-full size-full wp-image-2619\" alt=\"ScratchShield Technology\" srcset=\"https:\/\/mgtre.fi\/wp-content\/uploads\/2022\/07\/1585300615995.jpg 955w, https:\/\/mgtre.fi\/wp-content\/uploads\/2022\/07\/1585300615995-600x452.jpg 600w, https:\/\/mgtre.fi\/wp-content\/uploads\/2022\/07\/1585300615995-300x226.jpg 300w, https:\/\/mgtre.fi\/wp-content\/uploads\/2022\/07\/1585300615995-768x579.jpg 768w, https:\/\/mgtre.fi\/wp-content\/uploads\/2022\/07\/1585300615995-16x12.jpg 16w, https:\/\/mgtre.fi\/wp-content\/uploads\/2022\/07\/1585300615995-1x1.jpg 1w, https:\/\/mgtre.fi\/wp-content\/uploads\/2022\/07\/1585300615995-10x8.jpg 10w\" sizes=\"auto, (max-width: 955px) 100vw, 955px\" \/><\/figure><div class=\"elementor-image-box-content\"><h3 class=\"elementor-image-box-title\">ScratchShield Technology<\/h3><p class=\"elementor-image-box-description\">Tied\u00e4mme, ett\u00e4 jalkalistat kohtaavat paljon p\u00e4ivitt\u00e4isi\u00e4 haasteita ja sikis olemme kehitt\u00e4neet\ninnovatiivisen ScratchShield- teknologian, joka koostuu jalkalistamme kovettamisesta. Ero on\nhuomattava, jos jalkalistaa yritt\u00e4\u00e4 naarmuttaa ter\u00e4v\u00e4ll\u00e4 ty\u00f6kalulla. ScratchShield- teknologialla\nvarustetut jalkalistat ovat 24% kest\u00e4v\u00e4mpi\u00e4 kuin tavalliset jalkalistat. Kovuus mitataan\nkovuusmittarilla ja ilmaistaan Shore-asteikolla.\nMardom Decor valaisimissa on ainutlaatuinen LightGuard\u00ae- teknologia, joka eliminoi kokonaan\nLED- valon l\u00e4vistyksen listapinnan l\u00e4pi. Valon l\u00e4vistyksen effekti on normaalia, mutta se vaikuttaa\nvalaistun listan haitalliseen visuaaliseen effektiin. T\u00e4h\u00e4n menness\u00e4 ongelma on ratkettu\nteippaamalla lista sis\u00e4puolelta alumiiniteipill\u00e4. LightGuard\u00ae- tekniikalla varustetut listat ovat\nratkaisseet t\u00e4m\u00e4n ongelman t\u00e4ysin. Valo on t\u00e4ydellisesti hajallaan listan ymp\u00e4rille, eik\u00e4 se valaise\nsen pinnan ulkopuolle.<\/p><\/div><\/div>\t\t\t\t<\/div>\n\t\t\t\t<\/div>\n\t\t\t\t\t<\/div>\n\t\t<\/div>\n\t\t\t\t\t<\/div>\n\t\t<\/section>\n\t\t\t\t<section class=\"elementor-section elementor-top-section elementor-element elementor-element-3a4918a elementor-section-full_width elementor-section-stretched elementor-section-height-default elementor-section-height-default\" data-id=\"3a4918a\" data-element_type=\"section\" data-settings=\"{&quot;stretch_section&quot;:&quot;section-stretched&quot;,&quot;background_background&quot;:&quot;gradient&quot;}\">\n\t\t\t\t\t\t<div class=\"elementor-container elementor-column-gap-default\">\n\t\t\t\t\t<div class=\"elementor-column elementor-col-50 elementor-top-column elementor-element elementor-element-a25e873\" data-id=\"a25e873\" data-element_type=\"column\" data-settings=\"{&quot;background_background&quot;:&quot;gradient&quot;}\">\n\t\t\t<div class=\"elementor-widget-wrap elementor-element-populated\">\n\t\t\t\t\t\t<section class=\"elementor-section elementor-inner-section elementor-element elementor-element-6f774f4 elementor-section-boxed elementor-section-height-default elementor-section-height-default\" data-id=\"6f774f4\" data-element_type=\"section\" data-settings=\"{&quot;background_background&quot;:&quot;gradient&quot;}\">\n\t\t\t\t\t\t<div class=\"elementor-container elementor-column-gap-default\">\n\t\t\t\t\t<div class=\"elementor-column elementor-col-50 elementor-inner-column elementor-element elementor-element-67f282d\" data-id=\"67f282d\" data-element_type=\"column\">\n\t\t\t<div class=\"elementor-widget-wrap elementor-element-populated\">\n\t\t\t\t\t\t<div class=\"elementor-element elementor-element-cb070ac elementor-position-top elementor-widget elementor-widget-image-box\" data-id=\"cb070ac\" data-element_type=\"widget\" data-widget_type=\"image-box.default\">\n\t\t\t\t<div class=\"elementor-widget-container\">\n\t\t\t\t\t<div class=\"elementor-image-box-wrapper\"><figure class=\"elementor-image-box-img\"><img loading=\"lazy\" decoding=\"async\" width=\"1000\" height=\"1414\" src=\"https:\/\/mgtre.fi\/wp-content\/uploads\/2022\/05\/wall-panels.jpg\" class=\"elementor-animation-shrink attachment-full size-full wp-image-2549\" alt=\"wall panels\" srcset=\"https:\/\/mgtre.fi\/wp-content\/uploads\/2022\/05\/wall-panels.jpg 1000w, https:\/\/mgtre.fi\/wp-content\/uploads\/2022\/05\/wall-panels-600x848.jpg 600w, https:\/\/mgtre.fi\/wp-content\/uploads\/2022\/05\/wall-panels-212x300.jpg 212w, https:\/\/mgtre.fi\/wp-content\/uploads\/2022\/05\/wall-panels-724x1024.jpg 724w, https:\/\/mgtre.fi\/wp-content\/uploads\/2022\/05\/wall-panels-768x1086.jpg 768w, https:\/\/mgtre.fi\/wp-content\/uploads\/2022\/05\/wall-panels-8x12.jpg 8w, https:\/\/mgtre.fi\/wp-content\/uploads\/2022\/05\/wall-panels-1x1.jpg 1w, https:\/\/mgtre.fi\/wp-content\/uploads\/2022\/05\/wall-panels-7x10.jpg 7w\" sizes=\"auto, (max-width: 1000px) 100vw, 1000px\" \/><\/figure><div class=\"elementor-image-box-content\"><p class=\"elementor-image-box-description\"><a class = \"catalog\" href = \"https:\/\/www.mardomdecor.com\/wgrane-pliki\/lamelli-catalog_.pdf\">LAMELLI LUETTELO 2022<\/a><\/p><\/div><\/div>\t\t\t\t<\/div>\n\t\t\t\t<\/div>\n\t\t\t\t\t<\/div>\n\t\t<\/div>\n\t\t\t\t<div class=\"elementor-column elementor-col-50 elementor-inner-column elementor-element elementor-element-21e71a5\" data-id=\"21e71a5\" data-element_type=\"column\">\n\t\t\t<div class=\"elementor-widget-wrap elementor-element-populated\">\n\t\t\t\t\t\t<div class=\"elementor-element elementor-element-896b137 elementor-position-top elementor-widget elementor-widget-image-box\" data-id=\"896b137\" data-element_type=\"widget\" data-widget_type=\"image-box.default\">\n\t\t\t\t<div class=\"elementor-widget-container\">\n\t\t\t\t\t<div class=\"elementor-image-box-wrapper\"><figure class=\"elementor-image-box-img\"><img loading=\"lazy\" decoding=\"async\" width=\"1000\" height=\"1415\" src=\"https:\/\/mgtre.fi\/wp-content\/uploads\/2022\/07\/mardom_katalog_20221.jpg\" class=\"elementor-animation-shrink attachment-full size-full wp-image-2637\" alt=\"\" srcset=\"https:\/\/mgtre.fi\/wp-content\/uploads\/2022\/07\/mardom_katalog_20221.jpg 1000w, https:\/\/mgtre.fi\/wp-content\/uploads\/2022\/07\/mardom_katalog_20221-600x849.jpg 600w, https:\/\/mgtre.fi\/wp-content\/uploads\/2022\/07\/mardom_katalog_20221-212x300.jpg 212w, https:\/\/mgtre.fi\/wp-content\/uploads\/2022\/07\/mardom_katalog_20221-724x1024.jpg 724w, https:\/\/mgtre.fi\/wp-content\/uploads\/2022\/07\/mardom_katalog_20221-768x1087.jpg 768w, https:\/\/mgtre.fi\/wp-content\/uploads\/2022\/07\/mardom_katalog_20221-8x12.jpg 8w, https:\/\/mgtre.fi\/wp-content\/uploads\/2022\/07\/mardom_katalog_20221-1x1.jpg 1w, https:\/\/mgtre.fi\/wp-content\/uploads\/2022\/07\/mardom_katalog_20221-7x10.jpg 7w\" sizes=\"auto, (max-width: 1000px) 100vw, 1000px\" \/><\/figure><div class=\"elementor-image-box-content\"><p class=\"elementor-image-box-description\"><a class = \"catalog\" href = \"https:\/\/www.mardomdecor.com\/wgrane-pliki\/lamelli-catalog_.pdf\">MARDOM DECOR LUETTELO 2022<\/a><\/p><\/div><\/div>\t\t\t\t<\/div>\n\t\t\t\t<\/div>\n\t\t\t\t\t<\/div>\n\t\t<\/div>\n\t\t\t\t\t<\/div>\n\t\t<\/section>\n\t\t\t\t\t<\/div>\n\t\t<\/div>\n\t\t\t\t<div class=\"elementor-column elementor-col-50 elementor-top-column elementor-element elementor-element-919093c\" data-id=\"919093c\" data-element_type=\"column\">\n\t\t\t<div class=\"elementor-widget-wrap elementor-element-populated\">\n\t\t\t\t\t\t<div class=\"elementor-element elementor-element-750dc52 elementor-position-top elementor-widget elementor-widget-image-box\" data-id=\"750dc52\" data-element_type=\"widget\" data-widget_type=\"image-box.default\">\n\t\t\t\t<div class=\"elementor-widget-container\">\n\t\t\t\t\t<div class=\"elementor-image-box-wrapper\"><figure class=\"elementor-image-box-img\"><img loading=\"lazy\" decoding=\"async\" width=\"1000\" height=\"1415\" src=\"https:\/\/mgtre.fi\/wp-content\/uploads\/2022\/08\/mardom_decor_brochure_2022.jpg\" class=\"elementor-animation-shrink attachment-full size-full wp-image-3288\" alt=\"\" srcset=\"https:\/\/mgtre.fi\/wp-content\/uploads\/2022\/08\/mardom_decor_brochure_2022.jpg 1000w, https:\/\/mgtre.fi\/wp-content\/uploads\/2022\/08\/mardom_decor_brochure_2022-600x849.jpg 600w, https:\/\/mgtre.fi\/wp-content\/uploads\/2022\/08\/mardom_decor_brochure_2022-212x300.jpg 212w, https:\/\/mgtre.fi\/wp-content\/uploads\/2022\/08\/mardom_decor_brochure_2022-724x1024.jpg 724w, https:\/\/mgtre.fi\/wp-content\/uploads\/2022\/08\/mardom_decor_brochure_2022-768x1087.jpg 768w, https:\/\/mgtre.fi\/wp-content\/uploads\/2022\/08\/mardom_decor_brochure_2022-8x12.jpg 8w, https:\/\/mgtre.fi\/wp-content\/uploads\/2022\/08\/mardom_decor_brochure_2022-1x1.jpg 1w, https:\/\/mgtre.fi\/wp-content\/uploads\/2022\/08\/mardom_decor_brochure_2022-7x10.jpg 7w\" sizes=\"auto, (max-width: 1000px) 100vw, 1000px\" \/><\/figure><div class=\"elementor-image-box-content\"><p class=\"elementor-image-box-description\"><a class = \"catalog\" href = \"https:\/\/www.mardomdecor.com\/wgrane-pliki\/mardom-decor-katalog_2022.pdf\">MARDOM DECOR BROCHURE 2022<\/a><\/p><\/div><\/div>\t\t\t\t<\/div>\n\t\t\t\t<\/div>\n\t\t\t\t\t<\/div>\n\t\t<\/div>\n\t\t\t\t\t<\/div>\n\t\t<\/section>\n\t\t\t\t<\/div>","protected":false},"excerpt":{"rendered":"<p>JALKALISTAT Tyylik\u00e4s kodin asuste lattian ja seinien v\u00e4liss\u00e4. Sopii jokaiseen sisustukseen. Listan takana on tila johtojen ja kaapeleiden piilottamiseksi. Osta VERHOLAUDAT N\u00e4m\u00e4 listat ovat t\u00e4ydellinen&#8230;<\/p>","protected":false},"author":2,"featured_media":0,"parent":0,"menu_order":0,"comment_status":"closed","ping_status":"closed","template":"","meta":{"om_disable_all_campaigns":false,"_monsterinsights_skip_tracking":false,"_monsterinsights_sitenote_active":false,"_monsterinsights_sitenote_note":"","_monsterinsights_sitenote_category":0,"footnotes":""},"class_list":["post-2431","page","type-page","status-publish","hentry"],"aioseo_notices":[],"_links":{"self":[{"href":"https:\/\/mgtre.fi\/en\/wp-json\/wp\/v2\/pages\/2431","targetHints":{"allow":["GET"]}}],"collection":[{"href":"https:\/\/mgtre.fi\/en\/wp-json\/wp\/v2\/pages"}],"about":[{"href":"https:\/\/mgtre.fi\/en\/wp-json\/wp\/v2\/types\/page"}],"author":[{"embeddable":true,"href":"https:\/\/mgtre.fi\/en\/wp-json\/wp\/v2\/users\/2"}],"replies":[{"embeddable":true,"href":"https:\/\/mgtre.fi\/en\/wp-json\/wp\/v2\/comments?post=2431"}],"version-history":[{"count":208,"href":"https:\/\/mgtre.fi\/en\/wp-json\/wp\/v2\/pages\/2431\/revisions"}],"predecessor-version":[{"id":4975,"href":"https:\/\/mgtre.fi\/en\/wp-json\/wp\/v2\/pages\/2431\/revisions\/4975"}],"wp:attachment":[{"href":"https:\/\/mgtre.fi\/en\/wp-json\/wp\/v2\/media?parent=2431"}],"curies":[{"name":"wp","href":"https:\/\/api.w.org\/{rel}","templated":true}]}}