{"id":2369,"date":"2022-02-04T01:34:55","date_gmt":"2022-02-03T22:34:55","guid":{"rendered":"https:\/\/mgtre.fi\/?page_id=2369"},"modified":"2022-02-08T18:47:54","modified_gmt":"2022-02-08T15:47:54","slug":"referenssit","status":"publish","type":"page","link":"https:\/\/mgtre.fi\/en\/referenssit\/","title":{"rendered":"Referenssit"},"content":{"rendered":"<div data-elementor-type=\"wp-page\" data-elementor-id=\"2369\" class=\"elementor elementor-2369\">\n\t\t\t\t\t\t<section class=\"elementor-section elementor-top-section elementor-element elementor-element-46964183 elementor-section-content-middle elementor-section-full_width elementor-section-height-full elementor-section-stretched elementor-section-height-default elementor-section-items-middle\" data-id=\"46964183\" data-element_type=\"section\" data-settings=\"{&quot;background_background&quot;:&quot;classic&quot;,&quot;stretch_section&quot;:&quot;section-stretched&quot;}\">\n\t\t\t\t\t\t\t<div class=\"elementor-background-overlay\"><\/div>\n\t\t\t\t\t\t\t<div class=\"elementor-container elementor-column-gap-default\">\n\t\t\t\t\t<div class=\"elementor-column elementor-col-100 elementor-top-column elementor-element elementor-element-36a20e7a\" data-id=\"36a20e7a\" data-element_type=\"column\">\n\t\t\t<div class=\"elementor-widget-wrap elementor-element-populated\">\n\t\t\t\t\t\t<div class=\"elementor-element elementor-element-2afc8cb9 elementor-widget elementor-widget-text-editor\" data-id=\"2afc8cb9\" data-element_type=\"widget\" data-widget_type=\"text-editor.default\">\n\t\t\t\t<div class=\"elementor-widget-container\">\n\t\t\t\t\t\t\t\t\t<p>Lukuisien ty\u00f6kohteiden lis\u00e4ksi t\u00e4h\u00e4n referenssiosioon on koottu muutamia valmiita ty\u00f6kohteita.<\/p><p>T\u00e4rkeimm\u00e4t projektit ovat Turku Areenat, joissa oli k\u00e4ytetty Silk-sein\u00e4paneelit \/ suunnittelija S-Idea Oy Turku.<\/p><p>Rakentajan Sarokas Oy \/ kohde Sirkkalan Kreivit\u00e4r, Sirkkalan Ruhtinas, Martin Ritari kaikissa kahdessa on k\u00e4ytetty koriste-ja kattolistat sek\u00e4 kattorosetit.<\/p>\t\t\t\t\t\t\t\t<\/div>\n\t\t\t\t<\/div>\n\t\t\t\t\t<\/div>\n\t\t<\/div>\n\t\t\t\t\t<\/div>\n\t\t<\/section>\n\t\t\t\t<\/div>","protected":false},"excerpt":{"rendered":"<p>Lukuisien ty\u00f6kohteiden lis\u00e4ksi t\u00e4h\u00e4n referenssiosioon on koottu muutamia valmiita ty\u00f6kohteita. T\u00e4rkeimm\u00e4t projektit ovat Turku Areenat, joissa oli k\u00e4ytetty Silk-sein\u00e4paneelit \/ suunnittelija S-Idea Oy Turku. Rakentajan&#8230;<\/p>","protected":false},"author":2,"featured_media":0,"parent":0,"menu_order":0,"comment_status":"closed","ping_status":"closed","template":"","meta":{"om_disable_all_campaigns":false,"_monsterinsights_skip_tracking":false,"_monsterinsights_sitenote_active":false,"_monsterinsights_sitenote_note":"","_monsterinsights_sitenote_category":0,"footnotes":""},"class_list":["post-2369","page","type-page","status-publish","hentry"],"aioseo_notices":[],"_links":{"self":[{"href":"https:\/\/mgtre.fi\/en\/wp-json\/wp\/v2\/pages\/2369","targetHints":{"allow":["GET"]}}],"collection":[{"href":"https:\/\/mgtre.fi\/en\/wp-json\/wp\/v2\/pages"}],"about":[{"href":"https:\/\/mgtre.fi\/en\/wp-json\/wp\/v2\/types\/page"}],"author":[{"embeddable":true,"href":"https:\/\/mgtre.fi\/en\/wp-json\/wp\/v2\/users\/2"}],"replies":[{"embeddable":true,"href":"https:\/\/mgtre.fi\/en\/wp-json\/wp\/v2\/comments?post=2369"}],"version-history":[{"count":23,"href":"https:\/\/mgtre.fi\/en\/wp-json\/wp\/v2\/pages\/2369\/revisions"}],"predecessor-version":[{"id":2413,"href":"https:\/\/mgtre.fi\/en\/wp-json\/wp\/v2\/pages\/2369\/revisions\/2413"}],"wp:attachment":[{"href":"https:\/\/mgtre.fi\/en\/wp-json\/wp\/v2\/media?parent=2369"}],"curies":[{"name":"wp","href":"https:\/\/api.w.org\/{rel}","templated":true}]}}